{"id":3380,"date":"2026-05-04T01:16:56","date_gmt":"2026-05-04T01:16:56","guid":{"rendered":"https:\/\/taichipuebla.com\/?post_type=product&#038;p=3380"},"modified":"2026-05-08T22:22:27","modified_gmt":"2026-05-08T22:22:27","slug":"uniforme-satinado-para-tai-chi-y-chi-kung","status":"publish","type":"product","link":"https:\/\/taichipuebla.com\/en\/product\/uniforme-satinado-para-tai-chi-y-chi-kung\/","title":{"rendered":"Uniforme satinado para Tai Chi y Chi Kung"},"content":{"rendered":"<p>Uniforme completo de artes marciales para la pr\u00e1ctica de Tai Chi y Chi Kung. Manga terminada en pu\u00f1o cerrado con botones, para evitar el deslizamiento. Bajo del pantal\u00f3n con el\u00e1sticos. Fabricado en microfibra satinada sint\u00e9tica. Tiene un tacto muy suave. Dise\u00f1o holgado que facilita la aireaci\u00f3n, la circulaci\u00f3n y el movimiento.<\/p>","protected":false},"excerpt":{"rendered":"<p>Uniforme completo de artes marciales. Manga terminada en pu\u00f1o cerrado con botones. Bajo del pantal\u00f3n con el\u00e1sticos. Fabricado en microfibra satinada sint\u00e9tica. Tacto muy suave.<\/p>","protected":false},"featured_media":3411,"comment_status":"open","ping_status":"closed","template":"","meta":{"_kadence_starter_templates_imported_post":false,"_kad_post_transparent":"default","_kad_post_title":"","_kad_post_layout":"default","_kad_post_sidebar_id":"","_kad_post_content_style":"default","_kad_post_vertical_padding":"default","_kad_post_feature":"","_kad_post_feature_position":"","_kad_post_header":false,"_kad_post_footer":false,"_kad_post_classname":""},"product_brand":[],"product_cat":[47,113],"product_tag":[],"class_list":{"0":"post-3380","1":"product","2":"type-product","3":"status-publish","4":"has-post-thumbnail","6":"product_cat-ropa","7":"product_cat-satinado-sintetico","9":"first","10":"instock","11":"taxable","12":"shipping-taxable","13":"purchasable","14":"product-type-variable","15":"entry","16":"content-bg","17":"loop-entry"},"yoast_head":"<!-- This site is optimized with the Yoast SEO plugin v27.6 - https:\/\/yoast.com\/product\/yoast-seo-wordpress\/ -->\n<title>Uniforme satinado para Tai Chi y Chi Kung - Taichi Puebla<\/title>\n<meta name=\"description\" content=\"Uniforme completo para la pr\u00e1ctica de Tai Chi y Chi Kung. Fresco y tacto suave. Holgado, facilita la aireaci\u00f3n, la circulaci\u00f3n y el movimiento.\" \/>\n<meta name=\"robots\" content=\"index, follow, max-snippet:-1, max-image-preview:large, max-video-preview:-1\" \/>\n<link rel=\"canonical\" href=\"https:\/\/taichipuebla.com\/en\/product\/uniforme-satinado-para-tai-chi-y-chi-kung\/\" \/>\n<meta property=\"og:locale\" content=\"en_US\" \/>\n<meta property=\"og:type\" content=\"article\" \/>\n<meta property=\"og:title\" content=\"Uniforme satinado para Tai Chi y Chi Kung - Taichi Puebla\" \/>\n<meta property=\"og:description\" content=\"Uniforme completo para la pr\u00e1ctica de Tai Chi y Chi Kung. Fresco y tacto suave. Holgado, facilita la aireaci\u00f3n, la circulaci\u00f3n y el movimiento.\" \/>\n<meta property=\"og:url\" content=\"https:\/\/taichipuebla.com\/en\/product\/uniforme-satinado-para-tai-chi-y-chi-kung\/\" \/>\n<meta property=\"og:site_name\" content=\"Taichi Puebla\" \/>\n<meta property=\"article:modified_time\" content=\"2026-05-08T22:22:27+00:00\" \/>\n<meta property=\"og:image\" content=\"https:\/\/taichipuebla.com\/wp-content\/uploads\/2026\/05\/Uniforme-Tai-Chi-satin-Mexico-2.1.png\" \/>\n\t<meta property=\"og:image:width\" content=\"1086\" \/>\n\t<meta property=\"og:image:height\" content=\"1076\" \/>\n\t<meta property=\"og:image:type\" content=\"image\/png\" \/>\n<meta name=\"twitter:card\" content=\"summary_large_image\" \/>\n<meta name=\"twitter:label1\" content=\"Est. reading time\" \/>\n\t<meta name=\"twitter:data1\" content=\"1 minute\" \/>\n<script type=\"application\/ld+json\" class=\"yoast-schema-graph\">{\"@context\":\"https:\\\/\\\/schema.org\",\"@graph\":[{\"@type\":\"WebPage\",\"@id\":\"https:\\\/\\\/taichipuebla.com\\\/producto\\\/uniforme-satinado-para-tai-chi-y-chi-kung\\\/\",\"url\":\"https:\\\/\\\/taichipuebla.com\\\/producto\\\/uniforme-satinado-para-tai-chi-y-chi-kung\\\/\",\"name\":\"Uniforme satinado para Tai Chi y Chi Kung - Taichi Puebla\",\"isPartOf\":{\"@id\":\"https:\\\/\\\/taichipuebla.com\\\/#website\"},\"primaryImageOfPage\":{\"@id\":\"https:\\\/\\\/taichipuebla.com\\\/producto\\\/uniforme-satinado-para-tai-chi-y-chi-kung\\\/#primaryimage\"},\"image\":{\"@id\":\"https:\\\/\\\/taichipuebla.com\\\/producto\\\/uniforme-satinado-para-tai-chi-y-chi-kung\\\/#primaryimage\"},\"thumbnailUrl\":\"https:\\\/\\\/taichipuebla.com\\\/wp-content\\\/uploads\\\/2026\\\/05\\\/Uniforme-Tai-Chi-satin-Mexico-2.1.png\",\"datePublished\":\"2026-05-04T01:16:56+00:00\",\"dateModified\":\"2026-05-08T22:22:27+00:00\",\"description\":\"Uniforme completo para la pr\u00e1ctica de Tai Chi y Chi Kung. Fresco y tacto suave. Holgado, facilita la aireaci\u00f3n, la circulaci\u00f3n y el movimiento.\",\"breadcrumb\":{\"@id\":\"https:\\\/\\\/taichipuebla.com\\\/producto\\\/uniforme-satinado-para-tai-chi-y-chi-kung\\\/#breadcrumb\"},\"inLanguage\":\"en-US\",\"potentialAction\":[{\"@type\":\"ReadAction\",\"target\":[\"https:\\\/\\\/taichipuebla.com\\\/producto\\\/uniforme-satinado-para-tai-chi-y-chi-kung\\\/\"]}]},{\"@type\":\"ImageObject\",\"inLanguage\":\"en-US\",\"@id\":\"https:\\\/\\\/taichipuebla.com\\\/producto\\\/uniforme-satinado-para-tai-chi-y-chi-kung\\\/#primaryimage\",\"url\":\"https:\\\/\\\/taichipuebla.com\\\/wp-content\\\/uploads\\\/2026\\\/05\\\/Uniforme-Tai-Chi-satin-Mexico-2.1.png\",\"contentUrl\":\"https:\\\/\\\/taichipuebla.com\\\/wp-content\\\/uploads\\\/2026\\\/05\\\/Uniforme-Tai-Chi-satin-Mexico-2.1.png\",\"width\":1086,\"height\":1076,\"caption\":\"Uniforme tai chi y chi kung mexico\"},{\"@type\":\"BreadcrumbList\",\"@id\":\"https:\\\/\\\/taichipuebla.com\\\/producto\\\/uniforme-satinado-para-tai-chi-y-chi-kung\\\/#breadcrumb\",\"itemListElement\":[{\"@type\":\"ListItem\",\"position\":1,\"name\":\"Portada\",\"item\":\"https:\\\/\\\/taichipuebla.com\\\/\"},{\"@type\":\"ListItem\",\"position\":2,\"name\":\"Tienda\",\"item\":\"https:\\\/\\\/taichipuebla.com\\\/tienda\\\/\"},{\"@type\":\"ListItem\",\"position\":3,\"name\":\"Uniforme satinado para Tai Chi y Chi Kung\"}]},{\"@type\":\"WebSite\",\"@id\":\"https:\\\/\\\/taichipuebla.com\\\/#website\",\"url\":\"https:\\\/\\\/taichipuebla.com\\\/\",\"name\":\"Taichi Puebla\",\"description\":\"Clases de Tai Chi y Chi Kung en Cholula, Puebla, M\u00e9xico\",\"potentialAction\":[{\"@type\":\"SearchAction\",\"target\":{\"@type\":\"EntryPoint\",\"urlTemplate\":\"https:\\\/\\\/taichipuebla.com\\\/?s={search_term_string}\"},\"query-input\":{\"@type\":\"PropertyValueSpecification\",\"valueRequired\":true,\"valueName\":\"search_term_string\"}}],\"inLanguage\":\"en-US\"}]}<\/script>\n<!-- \/ Yoast SEO plugin. -->","yoast_head_json":{"title":"Uniforme satinado para Tai Chi y Chi Kung - Taichi Puebla","description":"Uniforme completo para la pr\u00e1ctica de Tai Chi y Chi Kung. Fresco y tacto suave. Holgado, facilita la aireaci\u00f3n, la circulaci\u00f3n y el movimiento.","robots":{"index":"index","follow":"follow","max-snippet":"max-snippet:-1","max-image-preview":"max-image-preview:large","max-video-preview":"max-video-preview:-1"},"canonical":"https:\/\/taichipuebla.com\/en\/product\/uniforme-satinado-para-tai-chi-y-chi-kung\/","og_locale":"en_US","og_type":"article","og_title":"Uniforme satinado para Tai Chi y Chi Kung - Taichi Puebla","og_description":"Uniforme completo para la pr\u00e1ctica de Tai Chi y Chi Kung. Fresco y tacto suave. Holgado, facilita la aireaci\u00f3n, la circulaci\u00f3n y el movimiento.","og_url":"https:\/\/taichipuebla.com\/en\/product\/uniforme-satinado-para-tai-chi-y-chi-kung\/","og_site_name":"Taichi Puebla","article_modified_time":"2026-05-08T22:22:27+00:00","og_image":[{"width":1086,"height":1076,"url":"https:\/\/taichipuebla.com\/wp-content\/uploads\/2026\/05\/Uniforme-Tai-Chi-satin-Mexico-2.1.png","type":"image\/png"}],"twitter_card":"summary_large_image","twitter_misc":{"Est. reading time":"1 minute"},"schema":{"@context":"https:\/\/schema.org","@graph":[{"@type":"WebPage","@id":"https:\/\/taichipuebla.com\/producto\/uniforme-satinado-para-tai-chi-y-chi-kung\/","url":"https:\/\/taichipuebla.com\/producto\/uniforme-satinado-para-tai-chi-y-chi-kung\/","name":"Uniforme satinado para Tai Chi y Chi Kung - Taichi Puebla","isPartOf":{"@id":"https:\/\/taichipuebla.com\/#website"},"primaryImageOfPage":{"@id":"https:\/\/taichipuebla.com\/producto\/uniforme-satinado-para-tai-chi-y-chi-kung\/#primaryimage"},"image":{"@id":"https:\/\/taichipuebla.com\/producto\/uniforme-satinado-para-tai-chi-y-chi-kung\/#primaryimage"},"thumbnailUrl":"https:\/\/taichipuebla.com\/wp-content\/uploads\/2026\/05\/Uniforme-Tai-Chi-satin-Mexico-2.1.png","datePublished":"2026-05-04T01:16:56+00:00","dateModified":"2026-05-08T22:22:27+00:00","description":"Uniforme completo para la pr\u00e1ctica de Tai Chi y Chi Kung. Fresco y tacto suave. Holgado, facilita la aireaci\u00f3n, la circulaci\u00f3n y el movimiento.","breadcrumb":{"@id":"https:\/\/taichipuebla.com\/producto\/uniforme-satinado-para-tai-chi-y-chi-kung\/#breadcrumb"},"inLanguage":"en-US","potentialAction":[{"@type":"ReadAction","target":["https:\/\/taichipuebla.com\/producto\/uniforme-satinado-para-tai-chi-y-chi-kung\/"]}]},{"@type":"ImageObject","inLanguage":"en-US","@id":"https:\/\/taichipuebla.com\/producto\/uniforme-satinado-para-tai-chi-y-chi-kung\/#primaryimage","url":"https:\/\/taichipuebla.com\/wp-content\/uploads\/2026\/05\/Uniforme-Tai-Chi-satin-Mexico-2.1.png","contentUrl":"https:\/\/taichipuebla.com\/wp-content\/uploads\/2026\/05\/Uniforme-Tai-Chi-satin-Mexico-2.1.png","width":1086,"height":1076,"caption":"Uniforme tai chi y chi kung mexico"},{"@type":"BreadcrumbList","@id":"https:\/\/taichipuebla.com\/producto\/uniforme-satinado-para-tai-chi-y-chi-kung\/#breadcrumb","itemListElement":[{"@type":"ListItem","position":1,"name":"Portada","item":"https:\/\/taichipuebla.com\/"},{"@type":"ListItem","position":2,"name":"Tienda","item":"https:\/\/taichipuebla.com\/tienda\/"},{"@type":"ListItem","position":3,"name":"Uniforme satinado para Tai Chi y Chi Kung"}]},{"@type":"WebSite","@id":"https:\/\/taichipuebla.com\/#website","url":"https:\/\/taichipuebla.com\/","name":"Taichi Puebla","description":"Clases de Tai Chi y Chi Kung en Cholula, Puebla, M\u00e9xico","potentialAction":[{"@type":"SearchAction","target":{"@type":"EntryPoint","urlTemplate":"https:\/\/taichipuebla.com\/?s={search_term_string}"},"query-input":{"@type":"PropertyValueSpecification","valueRequired":true,"valueName":"search_term_string"}}],"inLanguage":"en-US"}]}},"_links":{"self":[{"href":"https:\/\/taichipuebla.com\/en\/wp-json\/wp\/v2\/product\/3380","targetHints":{"allow":["GET"]}}],"collection":[{"href":"https:\/\/taichipuebla.com\/en\/wp-json\/wp\/v2\/product"}],"about":[{"href":"https:\/\/taichipuebla.com\/en\/wp-json\/wp\/v2\/types\/product"}],"replies":[{"embeddable":true,"href":"https:\/\/taichipuebla.com\/en\/wp-json\/wp\/v2\/comments?post=3380"}],"wp:featuredmedia":[{"embeddable":true,"href":"https:\/\/taichipuebla.com\/en\/wp-json\/wp\/v2\/media\/3411"}],"wp:attachment":[{"href":"https:\/\/taichipuebla.com\/en\/wp-json\/wp\/v2\/media?parent=3380"}],"wp:term":[{"taxonomy":"product_brand","embeddable":true,"href":"https:\/\/taichipuebla.com\/en\/wp-json\/wp\/v2\/product_brand?post=3380"},{"taxonomy":"product_cat","embeddable":true,"href":"https:\/\/taichipuebla.com\/en\/wp-json\/wp\/v2\/product_cat?post=3380"},{"taxonomy":"product_tag","embeddable":true,"href":"https:\/\/taichipuebla.com\/en\/wp-json\/wp\/v2\/product_tag?post=3380"}],"curies":[{"name":"wp","href":"https:\/\/api.w.org\/{rel}","templated":true}]}}