{"id":3294,"date":"2026-04-24T21:37:40","date_gmt":"2026-04-24T21:37:40","guid":{"rendered":"https:\/\/taichipuebla.com\/?post_type=product&#038;p=3294"},"modified":"2026-05-03T21:42:18","modified_gmt":"2026-05-03T21:42:18","slug":"calzado-tecnico-para-tai-chi-y-chi-kung","status":"publish","type":"product","link":"https:\/\/taichipuebla.com\/en\/product\/calzado-tecnico-para-tai-chi-y-chi-kung\/","title":{"rendered":"Calzado t\u00e9cnico para Tai Chi y Chi Kung"},"content":{"rendered":"<p>Tenis especialmente dise\u00f1ados para la pr\u00e1ctica de Tai Chi y Chi kung. La parte superior es de fibra sint\u00e9tica reticular para permitir la circulaci\u00f3n de aire. Es un material suave, ligero y transpirable. Se adaptan a la forma del pie. Ofrecen un excelente agarre en cualquier superficie y un buen contacto con el piso gracias a su suela delgada, flexible y antideslizante de caucho sint\u00e9tico de alta calidad.<\/p>","protected":false},"excerpt":{"rendered":"<p>Tenis especialmente dise\u00f1ados para la pr\u00e1ctica de Tai Chi y Chi kung. La parte superior es de fibra sint\u00e9tica reticular para permitir la circulaci\u00f3n de aire.<\/p>","protected":false},"featured_media":3297,"comment_status":"open","ping_status":"closed","template":"","meta":{"_kadence_starter_templates_imported_post":false,"_kad_post_transparent":"default","_kad_post_title":"","_kad_post_layout":"default","_kad_post_sidebar_id":"","_kad_post_content_style":"default","_kad_post_vertical_padding":"default","_kad_post_feature":"","_kad_post_feature_position":"","_kad_post_header":false,"_kad_post_footer":false,"_kad_post_classname":""},"product_brand":[],"product_cat":[46,55,88],"product_tag":[],"class_list":{"0":"post-3294","1":"product","2":"type-product","3":"status-publish","4":"has-post-thumbnail","6":"product_cat-calzado","7":"product_cat-malla","8":"product_cat-malla-completa","10":"first","11":"instock","12":"taxable","13":"shipping-taxable","14":"purchasable","15":"product-type-variable","16":"entry","17":"content-bg","18":"loop-entry"},"yoast_head":"<!-- This site is optimized with the Yoast SEO plugin v27.6 - https:\/\/yoast.com\/product\/yoast-seo-wordpress\/ -->\n<title>Calzado t\u00e9cnico para Tai Chi y Chi Kung - Taichi Puebla<\/title>\n<meta name=\"description\" content=\"Tenis especialmente dise\u00f1ados para la pr\u00e1ctica de Tai Chi y Chi kung. Fabricados en fibra sint\u00e9tica reticular para permitir la circulaci\u00f3n de aire.\" \/>\n<meta name=\"robots\" content=\"index, follow, max-snippet:-1, max-image-preview:large, max-video-preview:-1\" \/>\n<link rel=\"canonical\" href=\"https:\/\/taichipuebla.com\/en\/product\/calzado-tecnico-para-tai-chi-y-chi-kung\/\" \/>\n<meta property=\"og:locale\" content=\"en_US\" \/>\n<meta property=\"og:type\" content=\"article\" \/>\n<meta property=\"og:title\" content=\"Calzado t\u00e9cnico para Tai Chi y Chi Kung - Taichi Puebla\" \/>\n<meta property=\"og:description\" content=\"Tenis especialmente dise\u00f1ados para la pr\u00e1ctica de Tai Chi y Chi kung. Fabricados en fibra sint\u00e9tica reticular para permitir la circulaci\u00f3n de aire.\" \/>\n<meta property=\"og:url\" content=\"https:\/\/taichipuebla.com\/en\/product\/calzado-tecnico-para-tai-chi-y-chi-kung\/\" \/>\n<meta property=\"og:site_name\" content=\"Taichi Puebla\" \/>\n<meta property=\"article:modified_time\" content=\"2026-05-03T21:42:18+00:00\" \/>\n<meta property=\"og:image\" content=\"https:\/\/taichipuebla.com\/wp-content\/uploads\/2026\/04\/Tenis-taichi-malla.jpg\" \/>\n\t<meta property=\"og:image:width\" content=\"731\" \/>\n\t<meta property=\"og:image:height\" content=\"570\" \/>\n\t<meta property=\"og:image:type\" content=\"image\/jpeg\" \/>\n<meta name=\"twitter:card\" content=\"summary_large_image\" \/>\n<meta name=\"twitter:label1\" content=\"Est. reading time\" \/>\n\t<meta name=\"twitter:data1\" content=\"1 minute\" \/>\n<script type=\"application\/ld+json\" class=\"yoast-schema-graph\">{\"@context\":\"https:\\\/\\\/schema.org\",\"@graph\":[{\"@type\":\"WebPage\",\"@id\":\"https:\\\/\\\/taichipuebla.com\\\/producto\\\/calzado-tecnico-para-tai-chi-y-chi-kung\\\/\",\"url\":\"https:\\\/\\\/taichipuebla.com\\\/producto\\\/calzado-tecnico-para-tai-chi-y-chi-kung\\\/\",\"name\":\"Calzado t\u00e9cnico para Tai Chi y Chi Kung - Taichi Puebla\",\"isPartOf\":{\"@id\":\"https:\\\/\\\/taichipuebla.com\\\/#website\"},\"primaryImageOfPage\":{\"@id\":\"https:\\\/\\\/taichipuebla.com\\\/producto\\\/calzado-tecnico-para-tai-chi-y-chi-kung\\\/#primaryimage\"},\"image\":{\"@id\":\"https:\\\/\\\/taichipuebla.com\\\/producto\\\/calzado-tecnico-para-tai-chi-y-chi-kung\\\/#primaryimage\"},\"thumbnailUrl\":\"https:\\\/\\\/taichipuebla.com\\\/wp-content\\\/uploads\\\/2026\\\/04\\\/Tenis-taichi-malla.jpg\",\"datePublished\":\"2026-04-24T21:37:40+00:00\",\"dateModified\":\"2026-05-03T21:42:18+00:00\",\"description\":\"Tenis especialmente dise\u00f1ados para la pr\u00e1ctica de Tai Chi y Chi kung. Fabricados en fibra sint\u00e9tica reticular para permitir la circulaci\u00f3n de aire.\",\"breadcrumb\":{\"@id\":\"https:\\\/\\\/taichipuebla.com\\\/producto\\\/calzado-tecnico-para-tai-chi-y-chi-kung\\\/#breadcrumb\"},\"inLanguage\":\"en-US\",\"potentialAction\":[{\"@type\":\"ReadAction\",\"target\":[\"https:\\\/\\\/taichipuebla.com\\\/producto\\\/calzado-tecnico-para-tai-chi-y-chi-kung\\\/\"]}]},{\"@type\":\"ImageObject\",\"inLanguage\":\"en-US\",\"@id\":\"https:\\\/\\\/taichipuebla.com\\\/producto\\\/calzado-tecnico-para-tai-chi-y-chi-kung\\\/#primaryimage\",\"url\":\"https:\\\/\\\/taichipuebla.com\\\/wp-content\\\/uploads\\\/2026\\\/04\\\/Tenis-taichi-malla.jpg\",\"contentUrl\":\"https:\\\/\\\/taichipuebla.com\\\/wp-content\\\/uploads\\\/2026\\\/04\\\/Tenis-taichi-malla.jpg\",\"width\":731,\"height\":570,\"caption\":\"Tenis tai chi mexico\"},{\"@type\":\"BreadcrumbList\",\"@id\":\"https:\\\/\\\/taichipuebla.com\\\/producto\\\/calzado-tecnico-para-tai-chi-y-chi-kung\\\/#breadcrumb\",\"itemListElement\":[{\"@type\":\"ListItem\",\"position\":1,\"name\":\"Portada\",\"item\":\"https:\\\/\\\/taichipuebla.com\\\/\"},{\"@type\":\"ListItem\",\"position\":2,\"name\":\"Tienda\",\"item\":\"https:\\\/\\\/taichipuebla.com\\\/tienda\\\/\"},{\"@type\":\"ListItem\",\"position\":3,\"name\":\"Calzado t\u00e9cnico para Tai Chi y Chi Kung\"}]},{\"@type\":\"WebSite\",\"@id\":\"https:\\\/\\\/taichipuebla.com\\\/#website\",\"url\":\"https:\\\/\\\/taichipuebla.com\\\/\",\"name\":\"Taichi Puebla\",\"description\":\"Clases de Tai Chi y Chi Kung en Cholula, Puebla, M\u00e9xico\",\"potentialAction\":[{\"@type\":\"SearchAction\",\"target\":{\"@type\":\"EntryPoint\",\"urlTemplate\":\"https:\\\/\\\/taichipuebla.com\\\/?s={search_term_string}\"},\"query-input\":{\"@type\":\"PropertyValueSpecification\",\"valueRequired\":true,\"valueName\":\"search_term_string\"}}],\"inLanguage\":\"en-US\"}]}<\/script>\n<!-- \/ Yoast SEO plugin. -->","yoast_head_json":{"title":"Calzado t\u00e9cnico para Tai Chi y Chi Kung - Taichi Puebla","description":"Tenis especialmente dise\u00f1ados para la pr\u00e1ctica de Tai Chi y Chi kung. Fabricados en fibra sint\u00e9tica reticular para permitir la circulaci\u00f3n de aire.","robots":{"index":"index","follow":"follow","max-snippet":"max-snippet:-1","max-image-preview":"max-image-preview:large","max-video-preview":"max-video-preview:-1"},"canonical":"https:\/\/taichipuebla.com\/en\/product\/calzado-tecnico-para-tai-chi-y-chi-kung\/","og_locale":"en_US","og_type":"article","og_title":"Calzado t\u00e9cnico para Tai Chi y Chi Kung - Taichi Puebla","og_description":"Tenis especialmente dise\u00f1ados para la pr\u00e1ctica de Tai Chi y Chi kung. Fabricados en fibra sint\u00e9tica reticular para permitir la circulaci\u00f3n de aire.","og_url":"https:\/\/taichipuebla.com\/en\/product\/calzado-tecnico-para-tai-chi-y-chi-kung\/","og_site_name":"Taichi Puebla","article_modified_time":"2026-05-03T21:42:18+00:00","og_image":[{"width":731,"height":570,"url":"https:\/\/taichipuebla.com\/wp-content\/uploads\/2026\/04\/Tenis-taichi-malla.jpg","type":"image\/jpeg"}],"twitter_card":"summary_large_image","twitter_misc":{"Est. reading time":"1 minute"},"schema":{"@context":"https:\/\/schema.org","@graph":[{"@type":"WebPage","@id":"https:\/\/taichipuebla.com\/producto\/calzado-tecnico-para-tai-chi-y-chi-kung\/","url":"https:\/\/taichipuebla.com\/producto\/calzado-tecnico-para-tai-chi-y-chi-kung\/","name":"Calzado t\u00e9cnico para Tai Chi y Chi Kung - Taichi Puebla","isPartOf":{"@id":"https:\/\/taichipuebla.com\/#website"},"primaryImageOfPage":{"@id":"https:\/\/taichipuebla.com\/producto\/calzado-tecnico-para-tai-chi-y-chi-kung\/#primaryimage"},"image":{"@id":"https:\/\/taichipuebla.com\/producto\/calzado-tecnico-para-tai-chi-y-chi-kung\/#primaryimage"},"thumbnailUrl":"https:\/\/taichipuebla.com\/wp-content\/uploads\/2026\/04\/Tenis-taichi-malla.jpg","datePublished":"2026-04-24T21:37:40+00:00","dateModified":"2026-05-03T21:42:18+00:00","description":"Tenis especialmente dise\u00f1ados para la pr\u00e1ctica de Tai Chi y Chi kung. Fabricados en fibra sint\u00e9tica reticular para permitir la circulaci\u00f3n de aire.","breadcrumb":{"@id":"https:\/\/taichipuebla.com\/producto\/calzado-tecnico-para-tai-chi-y-chi-kung\/#breadcrumb"},"inLanguage":"en-US","potentialAction":[{"@type":"ReadAction","target":["https:\/\/taichipuebla.com\/producto\/calzado-tecnico-para-tai-chi-y-chi-kung\/"]}]},{"@type":"ImageObject","inLanguage":"en-US","@id":"https:\/\/taichipuebla.com\/producto\/calzado-tecnico-para-tai-chi-y-chi-kung\/#primaryimage","url":"https:\/\/taichipuebla.com\/wp-content\/uploads\/2026\/04\/Tenis-taichi-malla.jpg","contentUrl":"https:\/\/taichipuebla.com\/wp-content\/uploads\/2026\/04\/Tenis-taichi-malla.jpg","width":731,"height":570,"caption":"Tenis tai chi mexico"},{"@type":"BreadcrumbList","@id":"https:\/\/taichipuebla.com\/producto\/calzado-tecnico-para-tai-chi-y-chi-kung\/#breadcrumb","itemListElement":[{"@type":"ListItem","position":1,"name":"Portada","item":"https:\/\/taichipuebla.com\/"},{"@type":"ListItem","position":2,"name":"Tienda","item":"https:\/\/taichipuebla.com\/tienda\/"},{"@type":"ListItem","position":3,"name":"Calzado t\u00e9cnico para Tai Chi y Chi Kung"}]},{"@type":"WebSite","@id":"https:\/\/taichipuebla.com\/#website","url":"https:\/\/taichipuebla.com\/","name":"Taichi Puebla","description":"Clases de Tai Chi y Chi Kung en Cholula, Puebla, M\u00e9xico","potentialAction":[{"@type":"SearchAction","target":{"@type":"EntryPoint","urlTemplate":"https:\/\/taichipuebla.com\/?s={search_term_string}"},"query-input":{"@type":"PropertyValueSpecification","valueRequired":true,"valueName":"search_term_string"}}],"inLanguage":"en-US"}]}},"_links":{"self":[{"href":"https:\/\/taichipuebla.com\/en\/wp-json\/wp\/v2\/product\/3294","targetHints":{"allow":["GET"]}}],"collection":[{"href":"https:\/\/taichipuebla.com\/en\/wp-json\/wp\/v2\/product"}],"about":[{"href":"https:\/\/taichipuebla.com\/en\/wp-json\/wp\/v2\/types\/product"}],"replies":[{"embeddable":true,"href":"https:\/\/taichipuebla.com\/en\/wp-json\/wp\/v2\/comments?post=3294"}],"wp:featuredmedia":[{"embeddable":true,"href":"https:\/\/taichipuebla.com\/en\/wp-json\/wp\/v2\/media\/3297"}],"wp:attachment":[{"href":"https:\/\/taichipuebla.com\/en\/wp-json\/wp\/v2\/media?parent=3294"}],"wp:term":[{"taxonomy":"product_brand","embeddable":true,"href":"https:\/\/taichipuebla.com\/en\/wp-json\/wp\/v2\/product_brand?post=3294"},{"taxonomy":"product_cat","embeddable":true,"href":"https:\/\/taichipuebla.com\/en\/wp-json\/wp\/v2\/product_cat?post=3294"},{"taxonomy":"product_tag","embeddable":true,"href":"https:\/\/taichipuebla.com\/en\/wp-json\/wp\/v2\/product_tag?post=3294"}],"curies":[{"name":"wp","href":"https:\/\/api.w.org\/{rel}","templated":true}]}}