{"id":422,"date":"2023-12-31T09:28:02","date_gmt":"2023-12-31T09:28:02","guid":{"rendered":"https:\/\/taichipuebla.com\/?page_id=422"},"modified":"2026-04-20T00:39:00","modified_gmt":"2026-04-20T00:39:00","slug":"politica-de-privacidad","status":"publish","type":"page","link":"https:\/\/taichipuebla.com\/en\/politica-de-privacidad\/","title":{"rendered":"Privacy policy"},"content":{"rendered":"<h2 class=\"wp-block-heading\">Who we are<\/h2>\n\n\n\n<p>Our website address is: https:\/\/taichipuebla.com<\/p>\n\n\n\n<h2 class=\"wp-block-heading\">Comments<\/h2>\n\n\n\n<p>When visitors leave comments on the site, we collect the data shown in the comments form, along with the visitor\u2019s IP address and browser user agent string to help detect spam.<\/p>\n\n\n\n<p>An anonymized string created from your email address (also called a hash) may be provided to the Gravatar service to see if you\u2019re using it. You can check out Gravatar\u2019s privacy policy here: https:\/\/automattic.com\/privacy\/\n. After your comment is approved, your profile picture will be visible to the public in the context of your comment.<\/p>\n\n\n\n<h2 class=\"wp-block-heading\">Media<\/h2>\n\n\n\n<p>If you upload images to the website, you should avoid uploading images with embedded location data (GPS EXIF). Visitors can download and extract any location data from images on the site.<\/p>\n\n\n\n<h2 class=\"wp-block-heading\">Cookies<\/h2>\n\n\n\n<p>If you leave a comment on our site, you can choose to save your name, email address, and website in cookies. This is just for your convenience so you don\u2019t have to fill in your details again when you leave another comment. These cookies will last for one year.<\/p>\n\n\n\n<p>If you have an account and log in to this site, we\u2019ll set a temporary cookie to check if your browser accepts cookies. This cookie doesn\u2019t contain personal data and is deleted when you close your browser.<\/p>\n\n\n\n<p>When you log in, we\u2019ll also set up several cookies to save your login info and your screen display choices. Login cookies last for two days, and screen options cookies last for a year. If you select \u201cRemember Me,\u201d your login will stay active for two weeks. If you log out, the login cookies will be removed.<\/p>\n\n\n\n<p><\/p>\n\n\n\n<h2 class=\"wp-block-heading\">Embedded content from other websites<\/h2>\n\n\n\n<p>Articles on this site may include embedded content (like videos, images, articles, etc.). Embedded content from other websites behaves the same way as if you visited the other site directly.<\/p>\n\n\n\n<p>These websites may collect data about you, use cookies, include additional third-party tracking, and monitor your interaction with that embedded content, including tracking your interaction if you have an account and are logged in to that website.<\/p>\n\n\n\n<h2 class=\"wp-block-heading\">Who we share your data with<\/h2>\n\n\n\n<p>If you request a password reset, your IP address will be included in the reset email.<\/p>\n\n\n\n<h2 class=\"wp-block-heading\">How long we keep your data<\/h2>\n\n\n\n<p>If you leave a comment, the comment and its metadata are kept indefinitely. This helps us recognize and approve follow-up comments automatically instead of holding them in a moderation queue.<\/p>\n\n\n\n<p>We also store the personal info that users provide in their profile when they sign up on our website. All users can view, edit, or delete their personal information at any time (except for their username). Website admins can also view and edit this information. When users living in Mexico make a purchase in our online store, we ask for their RFC or CURP to comply with Mexican customs regulations. This information isn\u2019t stored and will be requested each time a purchase is made.<\/p>\n\n\n\n<h2 class=\"wp-block-heading\">What rights you have over your data<\/h2>\n\n\n\n<p>If you have an account or have left comments on this site, you can request an exported file of the personal data we have about you, including anything you\u2019ve provided to us. You can also request that we delete any personal data we have about you. This doesn\u2019t include any data we\u2019re required to keep for administrative, legal, or security purposes.<\/p>\n\n\n\n<h2 class=\"wp-block-heading\">Where your data is sent<\/h2>\n\n\n\n<p>Visitor comments may be checked through an automated spam detection service.<\/p>","protected":false},"excerpt":{"rendered":"<p>Qui\u00e9nes somos La direcci\u00f3n de nuestra web es: https:\/\/taichipuebla.com Comentarios Cuando los visitantes dejan comentarios en la web, recopilamos los datos que se muestran en el formulario de comentarios, as\u00ed como la direcci\u00f3n IP del visitante y la cadena de agentes de usuario del navegador para ayudar a la detecci\u00f3n de spam. Una cadena an\u00f3nima&#8230;<\/p>","protected":false},"author":3,"featured_media":0,"parent":0,"menu_order":0,"comment_status":"closed","ping_status":"closed","template":"","meta":{"_kadence_starter_templates_imported_post":false,"_kad_post_transparent":"","_kad_post_title":"","_kad_post_layout":"","_kad_post_sidebar_id":"","_kad_post_content_style":"","_kad_post_vertical_padding":"","_kad_post_feature":"","_kad_post_feature_position":"","_kad_post_header":false,"_kad_post_footer":false,"_kad_post_classname":"","footnotes":""},"class_list":["post-422","page","type-page","status-publish","hentry"],"yoast_head":"<!-- This site is optimized with the Yoast SEO plugin v27.4 - https:\/\/yoast.com\/product\/yoast-seo-wordpress\/ -->\n<title>Pol\u00edtica de privacidad - Taichi Puebla<\/title>\n<meta name=\"robots\" content=\"index, follow, max-snippet:-1, max-image-preview:large, max-video-preview:-1\" \/>\n<link rel=\"canonical\" href=\"https:\/\/taichipuebla.com\/en\/politica-de-privacidad\/\" \/>\n<meta property=\"og:locale\" content=\"en_US\" \/>\n<meta property=\"og:type\" content=\"article\" \/>\n<meta property=\"og:title\" content=\"Pol\u00edtica de privacidad - Taichi Puebla\" \/>\n<meta property=\"og:description\" content=\"Qui\u00e9nes somos La direcci\u00f3n de nuestra web es: https:\/\/taichipuebla.com Comentarios Cuando los visitantes dejan comentarios en la web, recopilamos los datos que se muestran en el formulario de comentarios, as\u00ed como la direcci\u00f3n IP del visitante y la cadena de agentes de usuario del navegador para ayudar a la detecci\u00f3n de spam. Una cadena an\u00f3nima...\" \/>\n<meta property=\"og:url\" content=\"https:\/\/taichipuebla.com\/en\/politica-de-privacidad\/\" \/>\n<meta property=\"og:site_name\" content=\"Taichi Puebla\" \/>\n<meta property=\"article:modified_time\" content=\"2026-04-20T00:39:00+00:00\" \/>\n<meta name=\"twitter:card\" content=\"summary_large_image\" \/>\n<meta name=\"twitter:label1\" content=\"Est. reading time\" \/>\n\t<meta name=\"twitter:data1\" content=\"3 minutes\" \/>\n<script type=\"application\/ld+json\" class=\"yoast-schema-graph\">{\"@context\":\"https:\\\/\\\/schema.org\",\"@graph\":[{\"@type\":\"WebPage\",\"@id\":\"https:\\\/\\\/taichipuebla.com\\\/politica-de-privacidad\\\/\",\"url\":\"https:\\\/\\\/taichipuebla.com\\\/politica-de-privacidad\\\/\",\"name\":\"Pol\u00edtica de privacidad - Taichi Puebla\",\"isPartOf\":{\"@id\":\"https:\\\/\\\/taichipuebla.com\\\/#website\"},\"datePublished\":\"2023-12-31T09:28:02+00:00\",\"dateModified\":\"2026-04-20T00:39:00+00:00\",\"breadcrumb\":{\"@id\":\"https:\\\/\\\/taichipuebla.com\\\/politica-de-privacidad\\\/#breadcrumb\"},\"inLanguage\":\"en-US\",\"potentialAction\":[{\"@type\":\"ReadAction\",\"target\":[\"https:\\\/\\\/taichipuebla.com\\\/politica-de-privacidad\\\/\"]}]},{\"@type\":\"BreadcrumbList\",\"@id\":\"https:\\\/\\\/taichipuebla.com\\\/politica-de-privacidad\\\/#breadcrumb\",\"itemListElement\":[{\"@type\":\"ListItem\",\"position\":1,\"name\":\"Portada\",\"item\":\"https:\\\/\\\/taichipuebla.com\\\/\"},{\"@type\":\"ListItem\",\"position\":2,\"name\":\"Pol\u00edtica de privacidad\"}]},{\"@type\":\"WebSite\",\"@id\":\"https:\\\/\\\/taichipuebla.com\\\/#website\",\"url\":\"https:\\\/\\\/taichipuebla.com\\\/\",\"name\":\"Taichi Puebla\",\"description\":\"Clases de Tai Chi y Chi Kung en Cholula, Puebla, M\u00e9xico\",\"potentialAction\":[{\"@type\":\"SearchAction\",\"target\":{\"@type\":\"EntryPoint\",\"urlTemplate\":\"https:\\\/\\\/taichipuebla.com\\\/?s={search_term_string}\"},\"query-input\":{\"@type\":\"PropertyValueSpecification\",\"valueRequired\":true,\"valueName\":\"search_term_string\"}}],\"inLanguage\":\"en-US\"}]}<\/script>\n<!-- \/ Yoast SEO plugin. -->","yoast_head_json":{"title":"Pol\u00edtica de privacidad - Taichi Puebla","robots":{"index":"index","follow":"follow","max-snippet":"max-snippet:-1","max-image-preview":"max-image-preview:large","max-video-preview":"max-video-preview:-1"},"canonical":"https:\/\/taichipuebla.com\/en\/politica-de-privacidad\/","og_locale":"en_US","og_type":"article","og_title":"Pol\u00edtica de privacidad - Taichi Puebla","og_description":"Qui\u00e9nes somos La direcci\u00f3n de nuestra web es: https:\/\/taichipuebla.com Comentarios Cuando los visitantes dejan comentarios en la web, recopilamos los datos que se muestran en el formulario de comentarios, as\u00ed como la direcci\u00f3n IP del visitante y la cadena de agentes de usuario del navegador para ayudar a la detecci\u00f3n de spam. Una cadena an\u00f3nima...","og_url":"https:\/\/taichipuebla.com\/en\/politica-de-privacidad\/","og_site_name":"Taichi Puebla","article_modified_time":"2026-04-20T00:39:00+00:00","twitter_card":"summary_large_image","twitter_misc":{"Est. reading time":"3 minutes"},"schema":{"@context":"https:\/\/schema.org","@graph":[{"@type":"WebPage","@id":"https:\/\/taichipuebla.com\/politica-de-privacidad\/","url":"https:\/\/taichipuebla.com\/politica-de-privacidad\/","name":"Pol\u00edtica de privacidad - Taichi Puebla","isPartOf":{"@id":"https:\/\/taichipuebla.com\/#website"},"datePublished":"2023-12-31T09:28:02+00:00","dateModified":"2026-04-20T00:39:00+00:00","breadcrumb":{"@id":"https:\/\/taichipuebla.com\/politica-de-privacidad\/#breadcrumb"},"inLanguage":"en-US","potentialAction":[{"@type":"ReadAction","target":["https:\/\/taichipuebla.com\/politica-de-privacidad\/"]}]},{"@type":"BreadcrumbList","@id":"https:\/\/taichipuebla.com\/politica-de-privacidad\/#breadcrumb","itemListElement":[{"@type":"ListItem","position":1,"name":"Portada","item":"https:\/\/taichipuebla.com\/"},{"@type":"ListItem","position":2,"name":"Pol\u00edtica de privacidad"}]},{"@type":"WebSite","@id":"https:\/\/taichipuebla.com\/#website","url":"https:\/\/taichipuebla.com\/","name":"Taichi Puebla","description":"Clases de Tai Chi y Chi Kung en Cholula, Puebla, M\u00e9xico","potentialAction":[{"@type":"SearchAction","target":{"@type":"EntryPoint","urlTemplate":"https:\/\/taichipuebla.com\/?s={search_term_string}"},"query-input":{"@type":"PropertyValueSpecification","valueRequired":true,"valueName":"search_term_string"}}],"inLanguage":"en-US"}]}},"_links":{"self":[{"href":"https:\/\/taichipuebla.com\/en\/wp-json\/wp\/v2\/pages\/422","targetHints":{"allow":["GET"]}}],"collection":[{"href":"https:\/\/taichipuebla.com\/en\/wp-json\/wp\/v2\/pages"}],"about":[{"href":"https:\/\/taichipuebla.com\/en\/wp-json\/wp\/v2\/types\/page"}],"author":[{"embeddable":true,"href":"https:\/\/taichipuebla.com\/en\/wp-json\/wp\/v2\/users\/3"}],"replies":[{"embeddable":true,"href":"https:\/\/taichipuebla.com\/en\/wp-json\/wp\/v2\/comments?post=422"}],"version-history":[{"count":4,"href":"https:\/\/taichipuebla.com\/en\/wp-json\/wp\/v2\/pages\/422\/revisions"}],"predecessor-version":[{"id":3223,"href":"https:\/\/taichipuebla.com\/en\/wp-json\/wp\/v2\/pages\/422\/revisions\/3223"}],"wp:attachment":[{"href":"https:\/\/taichipuebla.com\/en\/wp-json\/wp\/v2\/media?parent=422"}],"curies":[{"name":"wp","href":"https:\/\/api.w.org\/{rel}","templated":true}]}}