{"id":378,"date":"2023-12-30T14:51:56","date_gmt":"2023-12-30T14:51:56","guid":{"rendered":"https:\/\/taichipuebla.com\/?page_id=378"},"modified":"2026-02-10T23:59:47","modified_gmt":"2026-02-10T23:59:47","slug":"cursos-taichi-y-chikung","status":"publish","type":"page","link":"https:\/\/taichipuebla.com\/en\/cursos-taichi-y-chikung\/","title":{"rendered":"Courses"},"content":{"rendered":"<h2 class=\"wp-block-heading\">Tai Chi &amp; Chi Kung courses with specific objectives<\/h2>\n\n\n\n<div class=\"wp-block-columns is-layout-flex wp-container-core-columns-is-layout-9d6595d7 wp-block-columns-is-layout-flex\">\n<div class=\"wp-block-column is-layout-flow wp-block-column-is-layout-flow\"><div class=\"wp-block-image\">\n<figure class=\"alignright size-large is-resized\"><img decoding=\"async\" width=\"1024\" height=\"683\" data-src=\"https:\/\/taichipuebla.com\/wp-content\/uploads\/2026\/02\/Tai-chi-puebla-1024x683.jpg\" alt=\"Practica Tai Chi y Chi Kung con nuestros cursos en Tai Chi Puebla\" class=\"wp-image-3029 lazyload\" style=\"--smush-placeholder-width: 1024px; --smush-placeholder-aspect-ratio: 1024\/683;aspect-ratio:1.4993154505349626;width:498px;height:auto\" data-srcset=\"https:\/\/taichipuebla.com\/wp-content\/uploads\/2026\/02\/Tai-chi-puebla-1024x683.jpg 1024w, https:\/\/taichipuebla.com\/wp-content\/uploads\/2026\/02\/Tai-chi-puebla-300x200.jpg 300w, https:\/\/taichipuebla.com\/wp-content\/uploads\/2026\/02\/Tai-chi-puebla-768x512.jpg 768w, https:\/\/taichipuebla.com\/wp-content\/uploads\/2026\/02\/Tai-chi-puebla-18x12.jpg 18w, https:\/\/taichipuebla.com\/wp-content\/uploads\/2026\/02\/Tai-chi-puebla.jpg 1254w\" data-sizes=\"(max-width: 1024px) 100vw, 1024px\" src=\"data:image\/svg+xml;base64,PHN2ZyB3aWR0aD0iMSIgaGVpZ2h0PSIxIiB4bWxucz0iaHR0cDovL3d3dy53My5vcmcvMjAwMC9zdmciPjwvc3ZnPg==\" \/><\/figure>\n<\/div>\n\n\n<p>Our <a href=\"https:\/\/taichipuebla-new.com\/blog\/que-es-tai-chi-tai-ji\/\" target=\"_blank\" rel=\"noreferrer noopener\">Taichi<\/a> and <a href=\"https:\/\/taichipuebla-new.com\/blog\/que-es-chi-kung-qi-gong\/\" target=\"_blank\" rel=\"noreferrer noopener\">Chi Kung<\/a>courses are designed to cover specific objectives related to the practice of these two disciplines. We also have courses for users who seek very well-defined results, such as, for example, an improvement in mobility, an increase in their ability to concentrate, incorporation of skills that allow them to better manage anxiety or stress, an increase in their sports performance, psycho-emotional balance, etc.<\/p>\n\n\n\n<blockquote class=\"wp-block-quote is-layout-flow wp-block-quote-is-layout-flow\">\n<p>Change is the only permanent thing.<\/p>\n<cite>Tao Te Ching&nbsp;(Lao Tze)<\/cite><\/blockquote>\n\n\n\n<p>Want to see if these disciplines are for you and learn the basics? Try our <a href=\"https:\/\/taichipuebla.com\/en\/cursos-taichi-y-chikung\/en-linea\/curso-fundamentos-basicos-del-tai-chi\/\">beginner course<\/a> and visit our <a href=\"https:\/\/www.youtube.com\/channel\/UCb3cOaNCDyx7sX7GqMvKlLQ\" target=\"_blank\" rel=\"noreferrer noopener\">You Tube<\/a>.<\/p>\n<\/div>\n<\/div>\n\n\n\n<div style=\"height:35px\" aria-hidden=\"true\" class=\"wp-block-spacer\"><\/div>\n\n\n\n<div class=\"wp-block-columns is-layout-flex wp-container-core-columns-is-layout-9d6595d7 wp-block-columns-is-layout-flex\">\n<div class=\"wp-block-column is-layout-flow wp-block-column-is-layout-flow\"><style>.wp-block-kadence-advancedbtn.kb-btns378_b7f02d-13{gap:var(--global-kb-gap-xs, 0.5rem );justify-content:center;align-items:center;}.kt-btns378_b7f02d-13 .kt-button{font-weight:normal;font-style:normal;}.kt-btns378_b7f02d-13 .kt-btn-wrap-0{margin-right:5px;}.wp-block-kadence-advancedbtn.kt-btns378_b7f02d-13 .kt-btn-wrap-0 .kt-button{color:#555555;border-color:#555555;}.wp-block-kadence-advancedbtn.kt-btns378_b7f02d-13 .kt-btn-wrap-0 .kt-button:hover, .wp-block-kadence-advancedbtn.kt-btns378_b7f02d-13 .kt-btn-wrap-0 .kt-button:focus{color:#ffffff;border-color:#444444;}.wp-block-kadence-advancedbtn.kt-btns378_b7f02d-13 .kt-btn-wrap-0 .kt-button::before{display:none;}.wp-block-kadence-advancedbtn.kt-btns378_b7f02d-13 .kt-btn-wrap-0 .kt-button:hover, .wp-block-kadence-advancedbtn.kt-btns378_b7f02d-13 .kt-btn-wrap-0 .kt-button:focus{background:#444444;}<\/style>\n<div class=\"wp-block-kadence-advancedbtn kb-buttons-wrap kb-btns378_b7f02d-13\"><style>ul.menu .wp-block-kadence-advancedbtn .kb-btn378_b20479-a9.kb-button{width:initial;}<\/style><a class=\"kb-button kt-button button kb-btn378_b20479-a9 kt-btn-size-large kt-btn-width-type-full kb-btn-global-inherit  kt-btn-has-text-true kt-btn-has-svg-false  wp-block-button__link wp-block-kadence-singlebtn\" href=\"https:\/\/taichipuebla.com\/en\/cursos-taichi-y-chikung\/presenciales\/\"><span class=\"kt-btn-inner-text\">Face-to-face courses<\/span><\/a><\/div>\n<\/div>\n\n\n\n<div class=\"wp-block-column is-layout-flow wp-block-column-is-layout-flow\"><style>.wp-block-kadence-advancedbtn.kb-btns378_6416b9-d5{gap:var(--global-kb-gap-xs, 0.5rem );justify-content:center;align-items:center;}.kt-btns378_6416b9-d5 .kt-button{font-weight:normal;font-style:normal;}.kt-btns378_6416b9-d5 .kt-btn-wrap-0{margin-right:5px;}.wp-block-kadence-advancedbtn.kt-btns378_6416b9-d5 .kt-btn-wrap-0 .kt-button{color:#555555;border-color:#555555;}.wp-block-kadence-advancedbtn.kt-btns378_6416b9-d5 .kt-btn-wrap-0 .kt-button:hover, .wp-block-kadence-advancedbtn.kt-btns378_6416b9-d5 .kt-btn-wrap-0 .kt-button:focus{color:#ffffff;border-color:#444444;}.wp-block-kadence-advancedbtn.kt-btns378_6416b9-d5 .kt-btn-wrap-0 .kt-button::before{display:none;}.wp-block-kadence-advancedbtn.kt-btns378_6416b9-d5 .kt-btn-wrap-0 .kt-button:hover, .wp-block-kadence-advancedbtn.kt-btns378_6416b9-d5 .kt-btn-wrap-0 .kt-button:focus{background:#444444;}<\/style>\n<div class=\"wp-block-kadence-advancedbtn kb-buttons-wrap kb-btns378_6416b9-d5\"><style>ul.menu .wp-block-kadence-advancedbtn .kb-btn378_1f2084-3c.kb-button{width:initial;}<\/style><a class=\"kb-button kt-button button kb-btn378_1f2084-3c kt-btn-size-large kt-btn-width-type-full kb-btn-global-inherit  kt-btn-has-text-true kt-btn-has-svg-false  wp-block-button__link wp-block-kadence-singlebtn\" href=\"https:\/\/taichipuebla.com\/en\/cursos-taichi-y-chikung\/en-linea\/\"><span class=\"kt-btn-inner-text\">Online courses<\/span><\/a><\/div>\n<\/div>\n<\/div>","protected":false},"excerpt":{"rendered":"<p>Cursos de Tai Chi y Chi Kung con objetivos espec\u00edficos Nuestros cursos de Taichi y Chikung, est\u00e1n dise\u00f1ados para cubrir objetivos espec\u00edficos relacionados con la pr\u00e1ctica de estas dos disciplinas. Tambi\u00e9n tenemos cursos para usuarios que buscan resultados muy bien definidos, como por ejemplo, una mejora en la movilidad, un incremento en su capacidad de&#8230;<\/p>","protected":false},"author":3,"featured_media":0,"parent":0,"menu_order":0,"comment_status":"closed","ping_status":"closed","template":"","meta":{"_kadence_starter_templates_imported_post":false,"_kad_post_transparent":"","_kad_post_title":"","_kad_post_layout":"","_kad_post_sidebar_id":"","_kad_post_content_style":"","_kad_post_vertical_padding":"","_kad_post_feature":"","_kad_post_feature_position":"","_kad_post_header":false,"_kad_post_footer":false,"_kad_post_classname":"","footnotes":""},"class_list":["post-378","page","type-page","status-publish","hentry"],"yoast_head":"<!-- This site is optimized with the Yoast SEO plugin v27.2 - https:\/\/yoast.com\/product\/yoast-seo-wordpress\/ -->\n<title>Cursos - Taichi Puebla<\/title>\n<meta name=\"description\" content=\"Nuestros cursos de Taichi y Chikung, est\u00e1n dise\u00f1ados para cubrir objetivos espec\u00edficos de la pr\u00e1ctica de estas dos disciplinas.\" \/>\n<meta name=\"robots\" content=\"index, follow, max-snippet:-1, max-image-preview:large, max-video-preview:-1\" \/>\n<link rel=\"canonical\" href=\"https:\/\/taichipuebla.com\/en\/cursos-taichi-y-chikung\/\" \/>\n<meta property=\"og:locale\" content=\"en_US\" \/>\n<meta property=\"og:type\" content=\"article\" \/>\n<meta property=\"og:title\" content=\"Cursos - Taichi Puebla\" \/>\n<meta property=\"og:description\" content=\"Nuestros cursos de Taichi y Chikung, est\u00e1n dise\u00f1ados para cubrir objetivos espec\u00edficos de la pr\u00e1ctica de estas dos disciplinas.\" \/>\n<meta property=\"og:url\" content=\"https:\/\/taichipuebla.com\/en\/cursos-taichi-y-chikung\/\" \/>\n<meta property=\"og:site_name\" content=\"Taichi Puebla\" \/>\n<meta property=\"article:modified_time\" content=\"2026-02-10T23:59:47+00:00\" \/>\n<meta property=\"og:image\" content=\"https:\/\/taichipuebla.com\/wp-content\/uploads\/2026\/02\/Tai-chi-puebla.jpg\" \/>\n\t<meta property=\"og:image:width\" content=\"1254\" \/>\n\t<meta property=\"og:image:height\" content=\"836\" \/>\n\t<meta property=\"og:image:type\" content=\"image\/jpeg\" \/>\n<meta name=\"twitter:card\" content=\"summary_large_image\" \/>\n<meta name=\"twitter:label1\" content=\"Est. reading time\" \/>\n\t<meta name=\"twitter:data1\" content=\"1 minute\" \/>\n<script type=\"application\/ld+json\" class=\"yoast-schema-graph\">{\"@context\":\"https:\/\/schema.org\",\"@graph\":[{\"@type\":\"WebPage\",\"@id\":\"https:\/\/taichipuebla.com\/cursos-taichi-y-chikung\/\",\"url\":\"https:\/\/taichipuebla.com\/cursos-taichi-y-chikung\/\",\"name\":\"Cursos - Taichi Puebla\",\"isPartOf\":{\"@id\":\"https:\/\/taichipuebla.com\/#website\"},\"primaryImageOfPage\":{\"@id\":\"https:\/\/taichipuebla.com\/cursos-taichi-y-chikung\/#primaryimage\"},\"image\":{\"@id\":\"https:\/\/taichipuebla.com\/cursos-taichi-y-chikung\/#primaryimage\"},\"thumbnailUrl\":\"https:\/\/taichipuebla.com\/wp-content\/uploads\/2026\/02\/Tai-chi-puebla-1024x683.jpg\",\"datePublished\":\"2023-12-30T14:51:56+00:00\",\"dateModified\":\"2026-02-10T23:59:47+00:00\",\"description\":\"Nuestros cursos de Taichi y Chikung, est\u00e1n dise\u00f1ados para cubrir objetivos espec\u00edficos de la pr\u00e1ctica de estas dos disciplinas.\",\"breadcrumb\":{\"@id\":\"https:\/\/taichipuebla.com\/cursos-taichi-y-chikung\/#breadcrumb\"},\"inLanguage\":\"en-US\",\"potentialAction\":[{\"@type\":\"ReadAction\",\"target\":[\"https:\/\/taichipuebla.com\/cursos-taichi-y-chikung\/\"]}]},{\"@type\":\"ImageObject\",\"inLanguage\":\"en-US\",\"@id\":\"https:\/\/taichipuebla.com\/cursos-taichi-y-chikung\/#primaryimage\",\"url\":\"https:\/\/taichipuebla.com\/wp-content\/uploads\/2026\/02\/Tai-chi-puebla-1024x683.jpg\",\"contentUrl\":\"https:\/\/taichipuebla.com\/wp-content\/uploads\/2026\/02\/Tai-chi-puebla-1024x683.jpg\"},{\"@type\":\"BreadcrumbList\",\"@id\":\"https:\/\/taichipuebla.com\/cursos-taichi-y-chikung\/#breadcrumb\",\"itemListElement\":[{\"@type\":\"ListItem\",\"position\":1,\"name\":\"Portada\",\"item\":\"https:\/\/taichipuebla.com\/\"},{\"@type\":\"ListItem\",\"position\":2,\"name\":\"Cursos\"}]},{\"@type\":\"WebSite\",\"@id\":\"https:\/\/taichipuebla.com\/#website\",\"url\":\"https:\/\/taichipuebla.com\/\",\"name\":\"Taichi Puebla\",\"description\":\"Clases de Tai Chi y Chi Kung en Cholula, Puebla, M\u00e9xico\",\"potentialAction\":[{\"@type\":\"SearchAction\",\"target\":{\"@type\":\"EntryPoint\",\"urlTemplate\":\"https:\/\/taichipuebla.com\/?s={search_term_string}\"},\"query-input\":{\"@type\":\"PropertyValueSpecification\",\"valueRequired\":true,\"valueName\":\"search_term_string\"}}],\"inLanguage\":\"en-US\"}]}<\/script>\n<!-- \/ Yoast SEO plugin. -->","yoast_head_json":{"title":"Cursos - Taichi Puebla","description":"Nuestros cursos de Taichi y Chikung, est\u00e1n dise\u00f1ados para cubrir objetivos espec\u00edficos de la pr\u00e1ctica de estas dos disciplinas.","robots":{"index":"index","follow":"follow","max-snippet":"max-snippet:-1","max-image-preview":"max-image-preview:large","max-video-preview":"max-video-preview:-1"},"canonical":"https:\/\/taichipuebla.com\/en\/cursos-taichi-y-chikung\/","og_locale":"en_US","og_type":"article","og_title":"Cursos - Taichi Puebla","og_description":"Nuestros cursos de Taichi y Chikung, est\u00e1n dise\u00f1ados para cubrir objetivos espec\u00edficos de la pr\u00e1ctica de estas dos disciplinas.","og_url":"https:\/\/taichipuebla.com\/en\/cursos-taichi-y-chikung\/","og_site_name":"Taichi Puebla","article_modified_time":"2026-02-10T23:59:47+00:00","og_image":[{"width":1254,"height":836,"url":"https:\/\/taichipuebla.com\/wp-content\/uploads\/2026\/02\/Tai-chi-puebla.jpg","type":"image\/jpeg"}],"twitter_card":"summary_large_image","twitter_misc":{"Est. reading time":"1 minute"},"schema":{"@context":"https:\/\/schema.org","@graph":[{"@type":"WebPage","@id":"https:\/\/taichipuebla.com\/cursos-taichi-y-chikung\/","url":"https:\/\/taichipuebla.com\/cursos-taichi-y-chikung\/","name":"Cursos - Taichi Puebla","isPartOf":{"@id":"https:\/\/taichipuebla.com\/#website"},"primaryImageOfPage":{"@id":"https:\/\/taichipuebla.com\/cursos-taichi-y-chikung\/#primaryimage"},"image":{"@id":"https:\/\/taichipuebla.com\/cursos-taichi-y-chikung\/#primaryimage"},"thumbnailUrl":"https:\/\/taichipuebla.com\/wp-content\/uploads\/2026\/02\/Tai-chi-puebla-1024x683.jpg","datePublished":"2023-12-30T14:51:56+00:00","dateModified":"2026-02-10T23:59:47+00:00","description":"Nuestros cursos de Taichi y Chikung, est\u00e1n dise\u00f1ados para cubrir objetivos espec\u00edficos de la pr\u00e1ctica de estas dos disciplinas.","breadcrumb":{"@id":"https:\/\/taichipuebla.com\/cursos-taichi-y-chikung\/#breadcrumb"},"inLanguage":"en-US","potentialAction":[{"@type":"ReadAction","target":["https:\/\/taichipuebla.com\/cursos-taichi-y-chikung\/"]}]},{"@type":"ImageObject","inLanguage":"en-US","@id":"https:\/\/taichipuebla.com\/cursos-taichi-y-chikung\/#primaryimage","url":"https:\/\/taichipuebla.com\/wp-content\/uploads\/2026\/02\/Tai-chi-puebla-1024x683.jpg","contentUrl":"https:\/\/taichipuebla.com\/wp-content\/uploads\/2026\/02\/Tai-chi-puebla-1024x683.jpg"},{"@type":"BreadcrumbList","@id":"https:\/\/taichipuebla.com\/cursos-taichi-y-chikung\/#breadcrumb","itemListElement":[{"@type":"ListItem","position":1,"name":"Portada","item":"https:\/\/taichipuebla.com\/"},{"@type":"ListItem","position":2,"name":"Cursos"}]},{"@type":"WebSite","@id":"https:\/\/taichipuebla.com\/#website","url":"https:\/\/taichipuebla.com\/","name":"Taichi Puebla","description":"Clases de Tai Chi y Chi Kung en Cholula, Puebla, M\u00e9xico","potentialAction":[{"@type":"SearchAction","target":{"@type":"EntryPoint","urlTemplate":"https:\/\/taichipuebla.com\/?s={search_term_string}"},"query-input":{"@type":"PropertyValueSpecification","valueRequired":true,"valueName":"search_term_string"}}],"inLanguage":"en-US"}]}},"_links":{"self":[{"href":"https:\/\/taichipuebla.com\/en\/wp-json\/wp\/v2\/pages\/378","targetHints":{"allow":["GET"]}}],"collection":[{"href":"https:\/\/taichipuebla.com\/en\/wp-json\/wp\/v2\/pages"}],"about":[{"href":"https:\/\/taichipuebla.com\/en\/wp-json\/wp\/v2\/types\/page"}],"author":[{"embeddable":true,"href":"https:\/\/taichipuebla.com\/en\/wp-json\/wp\/v2\/users\/3"}],"replies":[{"embeddable":true,"href":"https:\/\/taichipuebla.com\/en\/wp-json\/wp\/v2\/comments?post=378"}],"version-history":[{"count":22,"href":"https:\/\/taichipuebla.com\/en\/wp-json\/wp\/v2\/pages\/378\/revisions"}],"predecessor-version":[{"id":3030,"href":"https:\/\/taichipuebla.com\/en\/wp-json\/wp\/v2\/pages\/378\/revisions\/3030"}],"wp:attachment":[{"href":"https:\/\/taichipuebla.com\/en\/wp-json\/wp\/v2\/media?parent=378"}],"curies":[{"name":"wp","href":"https:\/\/api.w.org\/{rel}","templated":true}]}}