{"id":2216,"date":"2024-12-16T05:04:39","date_gmt":"2024-12-16T05:04:39","guid":{"rendered":"https:\/\/taichipuebla.com\/?page_id=2216"},"modified":"2026-02-11T00:01:19","modified_gmt":"2026-02-11T00:01:19","slug":"comunidad","status":"publish","type":"page","link":"https:\/\/taichipuebla.com\/en\/comunidad\/","title":{"rendered":"Community"},"content":{"rendered":"<style>.kb-posts-id-2216_73165b-01 .kb-post-list-item{display:grid;}<\/style><ul class=\"wp-block-kadence-posts kb-posts kadence-posts-list kb-posts-id-2216_73165b-01 content-wrap grid-cols kb-posts-style-boxed grid-sm-col-1 grid-lg-col-1 item-image-style-beside\"><li class=\"kb-post-list-item\">\n\t<article class=\"entry content-bg loop-entry post-2951 post type-post status-publish format-standard has-post-thumbnail hentry category-blog tag-eventos tag-mexico\">\n\t\t\t\t<a aria-hidden=\"true\" tabindex=\"-1\" role=\"presentation\" class=\"post-thumbnail kadence-thumbnail-ratio-2-3\" href=\"https:\/\/taichipuebla.com\/en\/blog\/enrique-estas-en-nuestro-corazon\/\" aria-label=\"Enrique, you are in our hearts\">\n\t\t\t<div class=\"post-thumbnail-inner\">\n\t\t\t\t<img decoding=\"async\" width=\"720\" height=\"581\" data-src=\"https:\/\/taichipuebla.com\/wp-content\/uploads\/2026\/02\/taichi-y-chi-kung-en-Cholula-Enrique-5.jpeg\" class=\"attachment-medium_large size-medium_large wp-post-image lazyload\" alt=\"Tai Chi y Chi Kung adultos mayores en Puebla Cholula\" data-srcset=\"https:\/\/taichipuebla.com\/wp-content\/uploads\/2026\/02\/taichi-y-chi-kung-en-Cholula-Enrique-5.jpeg 720w, https:\/\/taichipuebla.com\/wp-content\/uploads\/2026\/02\/taichi-y-chi-kung-en-Cholula-Enrique-5-300x242.jpeg 300w, https:\/\/taichipuebla.com\/wp-content\/uploads\/2026\/02\/taichi-y-chi-kung-en-Cholula-Enrique-5-15x12.jpeg 15w\" data-sizes=\"(max-width: 720px) 100vw, 720px\" src=\"data:image\/svg+xml;base64,PHN2ZyB3aWR0aD0iMSIgaGVpZ2h0PSIxIiB4bWxucz0iaHR0cDovL3d3dy53My5vcmcvMjAwMC9zdmciPjwvc3ZnPg==\" style=\"--smush-placeholder-width: 720px; --smush-placeholder-aspect-ratio: 720\/581;\" \/>\t\t\t<\/div>\n\t\t<\/a><!-- .post-thumbnail -->\n\t\t\t\t<div class=\"entry-content-wrap\">\n\t\t\t<header class=\"entry-header\">\n\t<h2 class=\"entry-title\"><a href=\"https:\/\/taichipuebla.com\/en\/blog\/enrique-estas-en-nuestro-corazon\/\" rel=\"bookmark\">Enrique, you are in our hearts<\/a><\/h2><\/header><!-- .entry-header -->\n\t<div class=\"entry-summary\">\n\t\t<p>From the very first day he joined our Tai Chi and Chi Kung classes, Enrique was a teacher. A teacher of willpower, attitude, and the intention to keep moving forward. There wasn\u2019t a single exercise in class that he didn\u2019t try, and most of them he did with dedication<\/p>\n\t<\/div><!-- .entry-summary -->\n\t<footer class=\"entry-footer\">\n\t<\/footer><!-- .entry-footer -->\t\t<\/div>\n\t<\/article>\n<\/li>\n<li class=\"kb-post-list-item\">\n\t<article class=\"entry content-bg loop-entry post-2591 post type-post status-publish format-standard has-post-thumbnail hentry category-blog tag-eventos tag-mexico\">\n\t\t\t\t<a aria-hidden=\"true\" tabindex=\"-1\" role=\"presentation\" class=\"post-thumbnail kadence-thumbnail-ratio-2-3\" href=\"https:\/\/taichipuebla.com\/en\/blog\/convivencias-de-fin-de-ano\/\" aria-label=\"End-of-year get-togethers\">\n\t\t\t<div class=\"post-thumbnail-inner\">\n\t\t\t\t<img decoding=\"async\" width=\"768\" height=\"576\" data-src=\"https:\/\/taichipuebla.com\/wp-content\/uploads\/2025\/12\/IMG-20251214-WA0005-1-768x576.jpg\" class=\"attachment-medium_large size-medium_large wp-post-image lazyload\" alt=\"Convivio Navidad 2025 en Cholula Tai Chi Puebla\" data-srcset=\"https:\/\/taichipuebla.com\/wp-content\/uploads\/2025\/12\/IMG-20251214-WA0005-1-768x576.jpg 768w, https:\/\/taichipuebla.com\/wp-content\/uploads\/2025\/12\/IMG-20251214-WA0005-1-300x225.jpg 300w, https:\/\/taichipuebla.com\/wp-content\/uploads\/2025\/12\/IMG-20251214-WA0005-1-1024x768.jpg 1024w, https:\/\/taichipuebla.com\/wp-content\/uploads\/2025\/12\/IMG-20251214-WA0005-1-16x12.jpg 16w, https:\/\/taichipuebla.com\/wp-content\/uploads\/2025\/12\/IMG-20251214-WA0005-1.jpg 1280w\" data-sizes=\"(max-width: 768px) 100vw, 768px\" src=\"data:image\/svg+xml;base64,PHN2ZyB3aWR0aD0iMSIgaGVpZ2h0PSIxIiB4bWxucz0iaHR0cDovL3d3dy53My5vcmcvMjAwMC9zdmciPjwvc3ZnPg==\" style=\"--smush-placeholder-width: 768px; --smush-placeholder-aspect-ratio: 768\/576;\" \/>\t\t\t<\/div>\n\t\t<\/a><!-- .post-thumbnail -->\n\t\t\t\t<div class=\"entry-content-wrap\">\n\t\t\t<header class=\"entry-header\">\n\t<h2 class=\"entry-title\"><a href=\"https:\/\/taichipuebla.com\/en\/blog\/convivencias-de-fin-de-ano\/\" rel=\"bookmark\">End-of-year get-togethers<\/a><\/h2><\/header><!-- .entry-header -->\n\t<div class=\"entry-summary\">\n\t\t<p>This year, 2025, has been personally full of challenges and difficult yet transcendent experiences. Often in these difficult moments, a greater force emerges, one that is always with us and shows us, through experiences and people, that this life is overflowing with lessons, but also...<\/p>\n\t<\/div><!-- .entry-summary -->\n\t<footer class=\"entry-footer\">\n\t<\/footer><!-- .entry-footer -->\t\t<\/div>\n\t<\/article>\n<\/li>\n<li class=\"kb-post-list-item\">\n\t<article class=\"entry content-bg loop-entry post-2167 post type-post status-publish format-standard has-post-thumbnail hentry category-blog tag-eventos tag-mexico\">\n\t\t\t\t<a aria-hidden=\"true\" tabindex=\"-1\" role=\"presentation\" class=\"post-thumbnail kadence-thumbnail-ratio-2-3\" href=\"https:\/\/taichipuebla.com\/en\/blog\/desayuno-de-convivencia-fin-de-ano-en-cholula\/\" aria-label=\"Year-end breakfast and gathering in Cholula\">\n\t\t\t<div class=\"post-thumbnail-inner\">\n\t\t\t\t<img decoding=\"async\" width=\"768\" height=\"273\" data-src=\"https:\/\/taichipuebla.com\/wp-content\/uploads\/2025\/01\/taichipuebla.com-convivencia-navidad-2024-2-768x273.jpg\" class=\"attachment-medium_large size-medium_large wp-post-image lazyload\" alt=\"Conoce nuestras actividades en taichipuebla.com\" data-srcset=\"https:\/\/taichipuebla.com\/wp-content\/uploads\/2025\/01\/taichipuebla.com-convivencia-navidad-2024-2-768x273.jpg 768w, https:\/\/taichipuebla.com\/wp-content\/uploads\/2025\/01\/taichipuebla.com-convivencia-navidad-2024-2-300x107.jpg 300w, https:\/\/taichipuebla.com\/wp-content\/uploads\/2025\/01\/taichipuebla.com-convivencia-navidad-2024-2-1024x365.jpg 1024w, https:\/\/taichipuebla.com\/wp-content\/uploads\/2025\/01\/taichipuebla.com-convivencia-navidad-2024-2-1536x547.jpg 1536w, https:\/\/taichipuebla.com\/wp-content\/uploads\/2025\/01\/taichipuebla.com-convivencia-navidad-2024-2-2048x729.jpg 2048w, https:\/\/taichipuebla.com\/wp-content\/uploads\/2025\/01\/taichipuebla.com-convivencia-navidad-2024-2-18x6.jpg 18w\" data-sizes=\"(max-width: 768px) 100vw, 768px\" src=\"data:image\/svg+xml;base64,PHN2ZyB3aWR0aD0iMSIgaGVpZ2h0PSIxIiB4bWxucz0iaHR0cDovL3d3dy53My5vcmcvMjAwMC9zdmciPjwvc3ZnPg==\" style=\"--smush-placeholder-width: 768px; --smush-placeholder-aspect-ratio: 768\/273;\" \/>\t\t\t<\/div>\n\t\t<\/a><!-- .post-thumbnail -->\n\t\t\t\t<div class=\"entry-content-wrap\">\n\t\t\t<header class=\"entry-header\">\n\t<h2 class=\"entry-title\"><a href=\"https:\/\/taichipuebla.com\/en\/blog\/desayuno-de-convivencia-fin-de-ano-en-cholula\/\" rel=\"bookmark\">Year-end breakfast and gathering in Cholula<\/a><\/h2><\/header><!-- .entry-header -->\n\t<div class=\"entry-summary\">\n\t\t<p>We are nearing the end of 2024 and we wanted to celebrate the journey through this year, sharing experiences practicing Tai Chi, Chi Kung and their relationship with our lives. On this occasion, the meeting was in Cholula, in a beautiful restaurant with a garden where they offered us an exquisite gluten free<\/p>\n\t<\/div><!-- .entry-summary -->\n\t<footer class=\"entry-footer\">\n\t<\/footer><!-- .entry-footer -->\t\t<\/div>\n\t<\/article>\n<\/li>\n<li class=\"kb-post-list-item\">\n\t<article class=\"entry content-bg loop-entry post-1988 post type-post status-publish format-standard has-post-thumbnail hentry category-blog tag-eventos\">\n\t\t\t\t<a aria-hidden=\"true\" tabindex=\"-1\" role=\"presentation\" class=\"post-thumbnail kadence-thumbnail-ratio-2-3\" href=\"https:\/\/taichipuebla.com\/en\/blog\/chi-kung-y-tai-chi-en-fuentealbilla\/\" aria-label=\"I Tai Chi and Chi Kung Course in Fuentealbilla\">\n\t\t\t<div class=\"post-thumbnail-inner\">\n\t\t\t\t<img decoding=\"async\" width=\"768\" height=\"576\" data-src=\"https:\/\/taichipuebla.com\/wp-content\/uploads\/2024\/09\/taichipuebla.com-taichi-chikung-puebla-cholula-3-768x576.jpg\" class=\"attachment-medium_large size-medium_large wp-post-image lazyload\" alt=\"Curso de Taichi y Chikung en Fuentealbilla Espa\u00f1a\" data-srcset=\"https:\/\/taichipuebla.com\/wp-content\/uploads\/2024\/09\/taichipuebla.com-taichi-chikung-puebla-cholula-3-768x576.jpg 768w, https:\/\/taichipuebla.com\/wp-content\/uploads\/2024\/09\/taichipuebla.com-taichi-chikung-puebla-cholula-3-300x225.jpg 300w, https:\/\/taichipuebla.com\/wp-content\/uploads\/2024\/09\/taichipuebla.com-taichi-chikung-puebla-cholula-3-1024x768.jpg 1024w, https:\/\/taichipuebla.com\/wp-content\/uploads\/2024\/09\/taichipuebla.com-taichi-chikung-puebla-cholula-3-1536x1152.jpg 1536w, https:\/\/taichipuebla.com\/wp-content\/uploads\/2024\/09\/taichipuebla.com-taichi-chikung-puebla-cholula-3-2048x1536.jpg 2048w, https:\/\/taichipuebla.com\/wp-content\/uploads\/2024\/09\/taichipuebla.com-taichi-chikung-puebla-cholula-3-16x12.jpg 16w\" data-sizes=\"(max-width: 768px) 100vw, 768px\" src=\"data:image\/svg+xml;base64,PHN2ZyB3aWR0aD0iMSIgaGVpZ2h0PSIxIiB4bWxucz0iaHR0cDovL3d3dy53My5vcmcvMjAwMC9zdmciPjwvc3ZnPg==\" style=\"--smush-placeholder-width: 768px; --smush-placeholder-aspect-ratio: 768\/576;\" \/>\t\t\t<\/div>\n\t\t<\/a><!-- .post-thumbnail -->\n\t\t\t\t<div class=\"entry-content-wrap\">\n\t\t\t<header class=\"entry-header\">\n\t<h2 class=\"entry-title\"><a href=\"https:\/\/taichipuebla.com\/en\/blog\/chi-kung-y-tai-chi-en-fuentealbilla\/\" rel=\"bookmark\">I Tai Chi and Chi Kung Course in Fuentealbilla<\/a><\/h2><\/header><!-- .entry-header -->\n\t<div class=\"entry-summary\">\n\t\t<p>In this Chi Kung and Tai Chi course held during the month of August 2024 in Fuentealbilla, Albacete, we aim practice to the activation of the central nervous system, mainly through spine movements.<\/p>\n\t<\/div><!-- .entry-summary -->\n\t<footer class=\"entry-footer\">\n\t<\/footer><!-- .entry-footer -->\t\t<\/div>\n\t<\/article>\n<\/li>\n<li class=\"kb-post-list-item\">\n\t<article class=\"entry content-bg loop-entry post-1908 post type-post status-publish format-standard has-post-thumbnail hentry category-blog tag-eventos\">\n\t\t\t\t<a aria-hidden=\"true\" tabindex=\"-1\" role=\"presentation\" class=\"post-thumbnail kadence-thumbnail-ratio-2-3\" href=\"https:\/\/taichipuebla.com\/en\/blog\/tai-chi-reciclaton-galeria-las-animas\/\" aria-label=\"Tai Chi and Chi Kung at Galer\u00eda Las \u00c1nimas mall\">\n\t\t\t<div class=\"post-thumbnail-inner\">\n\t\t\t\t<img decoding=\"async\" width=\"768\" height=\"484\" data-src=\"https:\/\/taichipuebla.com\/wp-content\/uploads\/2024\/07\/taichipuebla.com-exhibicion-las-animas-hazECO-2024-768x484.webp\" class=\"attachment-medium_large size-medium_large wp-post-image lazyload\" alt=\"Tai Chi y Chi Kung en Galer\u00eda Las \u00c1nimas\" data-srcset=\"https:\/\/taichipuebla.com\/wp-content\/uploads\/2024\/07\/taichipuebla.com-exhibicion-las-animas-hazECO-2024-768x484.webp 768w, https:\/\/taichipuebla.com\/wp-content\/uploads\/2024\/07\/taichipuebla.com-exhibicion-las-animas-hazECO-2024-300x189.webp 300w, https:\/\/taichipuebla.com\/wp-content\/uploads\/2024\/07\/taichipuebla.com-exhibicion-las-animas-hazECO-2024-1024x645.webp 1024w, https:\/\/taichipuebla.com\/wp-content\/uploads\/2024\/07\/taichipuebla.com-exhibicion-las-animas-hazECO-2024-18x12.webp 18w, https:\/\/taichipuebla.com\/wp-content\/uploads\/2024\/07\/taichipuebla.com-exhibicion-las-animas-hazECO-2024.webp 1068w\" data-sizes=\"(max-width: 768px) 100vw, 768px\" src=\"data:image\/svg+xml;base64,PHN2ZyB3aWR0aD0iMSIgaGVpZ2h0PSIxIiB4bWxucz0iaHR0cDovL3d3dy53My5vcmcvMjAwMC9zdmciPjwvc3ZnPg==\" style=\"--smush-placeholder-width: 768px; --smush-placeholder-aspect-ratio: 768\/484;\" \/>\t\t\t<\/div>\n\t\t<\/a><!-- .post-thumbnail -->\n\t\t\t\t<div class=\"entry-content-wrap\">\n\t\t\t<header class=\"entry-header\">\n\t<h2 class=\"entry-title\"><a href=\"https:\/\/taichipuebla.com\/en\/blog\/tai-chi-reciclaton-galeria-las-animas\/\" rel=\"bookmark\">Tai Chi and Chi Kung at Galer\u00eda Las \u00c1nimas mall<\/a><\/h2><\/header><!-- .entry-header -->\n\t<div class=\"entry-summary\">\n\t\t<p>Tai Chi and Chi Kung presentation at Reciclat\u00f3n Puebla July 2024\nACIR Group and IDN11 GROUP invited us on July 6 to HazECO, where the main protagonist was the Reciclat\u00f3n. Electronic and inorganic waste was collected at the Galer\u00edas las Animas shopping center. In addition, workshops, sustainable fashion catwalks, exhibitions of environmental impact photographs, meditation practices, Tai Chi, music, dance and more were held.<\/p>\n\t<\/div><!-- .entry-summary -->\n\t<footer class=\"entry-footer\">\n\t<\/footer><!-- .entry-footer -->\t\t<\/div>\n\t<\/article>\n<\/li>\n<li class=\"kb-post-list-item\">\n\t<article class=\"entry content-bg loop-entry post-1710 post type-post status-publish format-standard has-post-thumbnail hentry category-blog tag-eventos\">\n\t\t\t\t<a aria-hidden=\"true\" tabindex=\"-1\" role=\"presentation\" class=\"post-thumbnail kadence-thumbnail-ratio-2-3\" href=\"https:\/\/taichipuebla.com\/en\/blog\/practica-de-taichi-y-degustacion-de-tes\/\" aria-label=\"Taichi practice and tea tasting\">\n\t\t\t<div class=\"post-thumbnail-inner\">\n\t\t\t\t<img decoding=\"async\" width=\"768\" height=\"1024\" data-src=\"https:\/\/taichipuebla.com\/wp-content\/uploads\/2024\/06\/Taichi-y-degustacion-te-Cholula-1-768x1024.jpg\" class=\"attachment-medium_large size-medium_large wp-post-image lazyload\" alt=\"Estamos probando un te de importaci\u00f3n en Cholula despu\u00e9s de una pr\u00e1ctica de Chikung\" data-srcset=\"https:\/\/taichipuebla.com\/wp-content\/uploads\/2024\/06\/Taichi-y-degustacion-te-Cholula-1-768x1024.jpg 768w, https:\/\/taichipuebla.com\/wp-content\/uploads\/2024\/06\/Taichi-y-degustacion-te-Cholula-1-225x300.jpg 225w, https:\/\/taichipuebla.com\/wp-content\/uploads\/2024\/06\/Taichi-y-degustacion-te-Cholula-1-1152x1536.jpg 1152w, https:\/\/taichipuebla.com\/wp-content\/uploads\/2024\/06\/Taichi-y-degustacion-te-Cholula-1-1536x2048.jpg 1536w, https:\/\/taichipuebla.com\/wp-content\/uploads\/2024\/06\/Taichi-y-degustacion-te-Cholula-1-9x12.jpg 9w, https:\/\/taichipuebla.com\/wp-content\/uploads\/2024\/06\/Taichi-y-degustacion-te-Cholula-1-scaled.jpg 1920w\" data-sizes=\"(max-width: 768px) 100vw, 768px\" src=\"data:image\/svg+xml;base64,PHN2ZyB3aWR0aD0iMSIgaGVpZ2h0PSIxIiB4bWxucz0iaHR0cDovL3d3dy53My5vcmcvMjAwMC9zdmciPjwvc3ZnPg==\" style=\"--smush-placeholder-width: 768px; --smush-placeholder-aspect-ratio: 768\/1024;\" \/>\t\t\t<\/div>\n\t\t<\/a><!-- .post-thumbnail -->\n\t\t\t\t<div class=\"entry-content-wrap\">\n\t\t\t<header class=\"entry-header\">\n\t<h2 class=\"entry-title\"><a href=\"https:\/\/taichipuebla.com\/en\/blog\/practica-de-taichi-y-degustacion-de-tes\/\" rel=\"bookmark\">Taichi practice and tea tasting<\/a><\/h2><\/header><!-- .entry-header -->\n\t<div class=\"entry-summary\">\n\t\t<p>This time in our practice and meet up next to the Pyramid of Cholula, we had in addition to the usual healthy breakfast in Healthy Garden the special occasion of enjoying a tasting of imported teas with Sarai Calder\u00f3n, tea sommelier and founder of the brand @tesbrote, who accompanied us and lovingly shared all his knowledge and experience about ceremonial tea from the East.<\/p>\n\t<\/div><!-- .entry-summary -->\n\t<footer class=\"entry-footer\">\n\t<\/footer><!-- .entry-footer -->\t\t<\/div>\n\t<\/article>\n<\/li>\n<li class=\"kb-post-list-item\">\n\t<article class=\"entry content-bg loop-entry post-1045 post type-post status-publish format-standard has-post-thumbnail hentry category-blog tag-eventos tag-mexico\">\n\t\t\t\t<a aria-hidden=\"true\" tabindex=\"-1\" role=\"presentation\" class=\"post-thumbnail kadence-thumbnail-ratio-2-3\" href=\"https:\/\/taichipuebla.com\/en\/blog\/practica-y-convivencia-en-la-piramide-cholula\/\" aria-label=\"Practice and gathering in Cholula Pyramid\">\n\t\t\t<div class=\"post-thumbnail-inner\">\n\t\t\t\t<img decoding=\"async\" width=\"768\" height=\"1024\" data-src=\"https:\/\/taichipuebla.com\/wp-content\/uploads\/2024\/02\/Taichi-Puebla-Healthy-Garden-Cholula-768x1024.jpg\" class=\"attachment-medium_large size-medium_large wp-post-image lazyload\" alt=\"Pr\u00e1ctica y Convivencia en la Pir\u00e1mide Cholula\" data-srcset=\"https:\/\/taichipuebla.com\/wp-content\/uploads\/2024\/02\/Taichi-Puebla-Healthy-Garden-Cholula-768x1024.jpg 768w, https:\/\/taichipuebla.com\/wp-content\/uploads\/2024\/02\/Taichi-Puebla-Healthy-Garden-Cholula-225x300.jpg 225w, https:\/\/taichipuebla.com\/wp-content\/uploads\/2024\/02\/Taichi-Puebla-Healthy-Garden-Cholula-1152x1536.jpg 1152w, https:\/\/taichipuebla.com\/wp-content\/uploads\/2024\/02\/Taichi-Puebla-Healthy-Garden-Cholula-1536x2048.jpg 1536w, https:\/\/taichipuebla.com\/wp-content\/uploads\/2024\/02\/Taichi-Puebla-Healthy-Garden-Cholula-9x12.jpg 9w, https:\/\/taichipuebla.com\/wp-content\/uploads\/2024\/02\/Taichi-Puebla-Healthy-Garden-Cholula-scaled.jpg 1920w\" data-sizes=\"(max-width: 768px) 100vw, 768px\" src=\"data:image\/svg+xml;base64,PHN2ZyB3aWR0aD0iMSIgaGVpZ2h0PSIxIiB4bWxucz0iaHR0cDovL3d3dy53My5vcmcvMjAwMC9zdmciPjwvc3ZnPg==\" style=\"--smush-placeholder-width: 768px; --smush-placeholder-aspect-ratio: 768\/1024;\" \/>\t\t\t<\/div>\n\t\t<\/a><!-- .post-thumbnail -->\n\t\t\t\t<div class=\"entry-content-wrap\">\n\t\t\t<header class=\"entry-header\">\n\t<h2 class=\"entry-title\"><a href=\"https:\/\/taichipuebla.com\/en\/blog\/practica-y-convivencia-en-la-piramide-cholula\/\" rel=\"bookmark\">Practice and gathering in Cholula Pyramid<\/a><\/h2><\/header><!-- .entry-header -->\n\t<div class=\"entry-summary\">\n\t\t<p>The second Sunday of each month we have a day of practice Chikung y convivencia. La cita es en Cholula junto a la Gran Pir\u00e1mide, desde donde despu\u00e9s de una revitalizante pr\u00e1ctica de una hora nos dirigimos a Plaza Grand Atrium to enjoy a delicious healthy breakfast with our Healthy Gardenfriends.<\/p>\n\t<\/div><!-- .entry-summary -->\n\t<footer class=\"entry-footer\">\n\t<\/footer><!-- .entry-footer -->\t\t<\/div>\n\t<\/article>\n<\/li>\n<li class=\"kb-post-list-item\">\n\t<article class=\"entry content-bg loop-entry post-12 post type-post status-publish format-standard has-post-thumbnail hentry category-blog tag-eventos\">\n\t\t\t\t<a aria-hidden=\"true\" tabindex=\"-1\" role=\"presentation\" class=\"post-thumbnail kadence-thumbnail-ratio-2-3\" href=\"https:\/\/taichipuebla.com\/en\/blog\/tai-chi-y-chi-kung-en-tlaxcala\/\" aria-label=\"I Tai Chi and Chi Kung Course in Tlaxcala\">\n\t\t\t<div class=\"post-thumbnail-inner\">\n\t\t\t\t<img decoding=\"async\" width=\"768\" height=\"576\" data-src=\"https:\/\/taichipuebla.com\/wp-content\/uploads\/2023\/07\/Curso-20Tai-20Chi-20Chi-20kung-20Tlaxcala-20-5--768x576.jpg\" class=\"attachment-medium_large size-medium_large wp-post-image lazyload\" alt=\"I Curso Tai Chi y Chi Kung en Tlaxcala\" data-srcset=\"https:\/\/taichipuebla.com\/wp-content\/uploads\/2023\/07\/Curso-20Tai-20Chi-20Chi-20kung-20Tlaxcala-20-5--768x576.jpg 768w, https:\/\/taichipuebla.com\/wp-content\/uploads\/2023\/07\/Curso-20Tai-20Chi-20Chi-20kung-20Tlaxcala-20-5--300x225.jpg 300w, https:\/\/taichipuebla.com\/wp-content\/uploads\/2023\/07\/Curso-20Tai-20Chi-20Chi-20kung-20Tlaxcala-20-5-.jpg 1024w\" data-sizes=\"(max-width: 768px) 100vw, 768px\" src=\"data:image\/svg+xml;base64,PHN2ZyB3aWR0aD0iMSIgaGVpZ2h0PSIxIiB4bWxucz0iaHR0cDovL3d3dy53My5vcmcvMjAwMC9zdmciPjwvc3ZnPg==\" style=\"--smush-placeholder-width: 768px; --smush-placeholder-aspect-ratio: 768\/576;\" \/>\t\t\t<\/div>\n\t\t<\/a><!-- .post-thumbnail -->\n\t\t\t\t<div class=\"entry-content-wrap\">\n\t\t\t<header class=\"entry-header\">\n\t<h2 class=\"entry-title\"><a href=\"https:\/\/taichipuebla.com\/en\/blog\/tai-chi-y-chi-kung-en-tlaxcala\/\" rel=\"bookmark\">I Tai Chi and Chi Kung Course in Tlaxcala<\/a><\/h2><\/header><!-- .entry-header -->\n\t<div class=\"entry-summary\">\n\t\t<p>Between the months of May and June 2023 we had a Tai Chi and Chi Kung course in Tlaxcala. In this course on the basic foundations of Tai Chi and Chi Kung we were able to share excellent moments of practice and coexistence with Dr. Mar\u00eda Amelia Garc\u00eda, Regina Amaro and Raisa Ram\u00edrez.<\/p>\n\t<\/div><!-- .entry-summary -->\n\t<footer class=\"entry-footer\">\n\t<\/footer><!-- .entry-footer -->\t\t<\/div>\n\t<\/article>\n<\/li>\n<\/ul>","protected":false},"excerpt":{"rendered":"","protected":false},"author":3,"featured_media":0,"parent":0,"menu_order":0,"comment_status":"closed","ping_status":"closed","template":"","meta":{"_kadence_starter_templates_imported_post":false,"_kad_post_transparent":"","_kad_post_title":"","_kad_post_layout":"","_kad_post_sidebar_id":"","_kad_post_content_style":"","_kad_post_vertical_padding":"","_kad_post_feature":"","_kad_post_feature_position":"","_kad_post_header":false,"_kad_post_footer":false,"_kad_post_classname":"","footnotes":""},"class_list":["post-2216","page","type-page","status-publish","hentry"],"yoast_head":"<!-- This site is optimized with the Yoast SEO plugin v27.2 - https:\/\/yoast.com\/product\/yoast-seo-wordpress\/ -->\n<title>Comunidad - Taichi Puebla Comunidad Tai Chi Puebla<\/title>\n<meta name=\"description\" content=\"Comunidad de practicantes de Tai CHi y Chi kung en Cholula y Puebla Parque Ecol\u00f3gico. Eventos, reuniones y convivencias\" \/>\n<meta name=\"robots\" content=\"index, follow, max-snippet:-1, max-image-preview:large, max-video-preview:-1\" \/>\n<link rel=\"canonical\" href=\"https:\/\/taichipuebla.com\/en\/comunidad\/\" \/>\n<meta property=\"og:locale\" content=\"en_US\" \/>\n<meta property=\"og:type\" content=\"article\" \/>\n<meta property=\"og:title\" content=\"Comunidad - Taichi Puebla Comunidad Tai Chi Puebla\" \/>\n<meta property=\"og:description\" content=\"Comunidad de practicantes de Tai CHi y Chi kung en Cholula y Puebla Parque Ecol\u00f3gico. Eventos, reuniones y convivencias\" \/>\n<meta property=\"og:url\" content=\"https:\/\/taichipuebla.com\/en\/comunidad\/\" \/>\n<meta property=\"og:site_name\" content=\"Taichi Puebla\" \/>\n<meta property=\"article:modified_time\" content=\"2026-02-11T00:01:19+00:00\" \/>\n<meta name=\"twitter:card\" content=\"summary_large_image\" \/>\n<script type=\"application\/ld+json\" class=\"yoast-schema-graph\">{\"@context\":\"https:\/\/schema.org\",\"@graph\":[{\"@type\":\"WebPage\",\"@id\":\"https:\/\/taichipuebla.com\/comunidad\/\",\"url\":\"https:\/\/taichipuebla.com\/comunidad\/\",\"name\":\"Comunidad - Taichi Puebla Comunidad Tai Chi Puebla\",\"isPartOf\":{\"@id\":\"https:\/\/taichipuebla.com\/#website\"},\"datePublished\":\"2024-12-16T05:04:39+00:00\",\"dateModified\":\"2026-02-11T00:01:19+00:00\",\"description\":\"Comunidad de practicantes de Tai CHi y Chi kung en Cholula y Puebla Parque Ecol\u00f3gico. Eventos, reuniones y convivencias\",\"breadcrumb\":{\"@id\":\"https:\/\/taichipuebla.com\/comunidad\/#breadcrumb\"},\"inLanguage\":\"en-US\",\"potentialAction\":[{\"@type\":\"ReadAction\",\"target\":[\"https:\/\/taichipuebla.com\/comunidad\/\"]}]},{\"@type\":\"BreadcrumbList\",\"@id\":\"https:\/\/taichipuebla.com\/comunidad\/#breadcrumb\",\"itemListElement\":[{\"@type\":\"ListItem\",\"position\":1,\"name\":\"Portada\",\"item\":\"https:\/\/taichipuebla.com\/\"},{\"@type\":\"ListItem\",\"position\":2,\"name\":\"Comunidad\"}]},{\"@type\":\"WebSite\",\"@id\":\"https:\/\/taichipuebla.com\/#website\",\"url\":\"https:\/\/taichipuebla.com\/\",\"name\":\"Taichi Puebla\",\"description\":\"Clases de Tai Chi y Chi Kung en Cholula, Puebla, M\u00e9xico\",\"potentialAction\":[{\"@type\":\"SearchAction\",\"target\":{\"@type\":\"EntryPoint\",\"urlTemplate\":\"https:\/\/taichipuebla.com\/?s={search_term_string}\"},\"query-input\":{\"@type\":\"PropertyValueSpecification\",\"valueRequired\":true,\"valueName\":\"search_term_string\"}}],\"inLanguage\":\"en-US\"}]}<\/script>\n<!-- \/ Yoast SEO plugin. -->","yoast_head_json":{"title":"Comunidad - Taichi Puebla Comunidad Tai Chi Puebla","description":"Comunidad de practicantes de Tai CHi y Chi kung en Cholula y Puebla Parque Ecol\u00f3gico. Eventos, reuniones y convivencias","robots":{"index":"index","follow":"follow","max-snippet":"max-snippet:-1","max-image-preview":"max-image-preview:large","max-video-preview":"max-video-preview:-1"},"canonical":"https:\/\/taichipuebla.com\/en\/comunidad\/","og_locale":"en_US","og_type":"article","og_title":"Comunidad - Taichi Puebla Comunidad Tai Chi Puebla","og_description":"Comunidad de practicantes de Tai CHi y Chi kung en Cholula y Puebla Parque Ecol\u00f3gico. Eventos, reuniones y convivencias","og_url":"https:\/\/taichipuebla.com\/en\/comunidad\/","og_site_name":"Taichi Puebla","article_modified_time":"2026-02-11T00:01:19+00:00","twitter_card":"summary_large_image","schema":{"@context":"https:\/\/schema.org","@graph":[{"@type":"WebPage","@id":"https:\/\/taichipuebla.com\/comunidad\/","url":"https:\/\/taichipuebla.com\/comunidad\/","name":"Comunidad - Taichi Puebla Comunidad Tai Chi Puebla","isPartOf":{"@id":"https:\/\/taichipuebla.com\/#website"},"datePublished":"2024-12-16T05:04:39+00:00","dateModified":"2026-02-11T00:01:19+00:00","description":"Comunidad de practicantes de Tai CHi y Chi kung en Cholula y Puebla Parque Ecol\u00f3gico. Eventos, reuniones y convivencias","breadcrumb":{"@id":"https:\/\/taichipuebla.com\/comunidad\/#breadcrumb"},"inLanguage":"en-US","potentialAction":[{"@type":"ReadAction","target":["https:\/\/taichipuebla.com\/comunidad\/"]}]},{"@type":"BreadcrumbList","@id":"https:\/\/taichipuebla.com\/comunidad\/#breadcrumb","itemListElement":[{"@type":"ListItem","position":1,"name":"Portada","item":"https:\/\/taichipuebla.com\/"},{"@type":"ListItem","position":2,"name":"Comunidad"}]},{"@type":"WebSite","@id":"https:\/\/taichipuebla.com\/#website","url":"https:\/\/taichipuebla.com\/","name":"Taichi Puebla","description":"Clases de Tai Chi y Chi Kung en Cholula, Puebla, M\u00e9xico","potentialAction":[{"@type":"SearchAction","target":{"@type":"EntryPoint","urlTemplate":"https:\/\/taichipuebla.com\/?s={search_term_string}"},"query-input":{"@type":"PropertyValueSpecification","valueRequired":true,"valueName":"search_term_string"}}],"inLanguage":"en-US"}]}},"_links":{"self":[{"href":"https:\/\/taichipuebla.com\/en\/wp-json\/wp\/v2\/pages\/2216","targetHints":{"allow":["GET"]}}],"collection":[{"href":"https:\/\/taichipuebla.com\/en\/wp-json\/wp\/v2\/pages"}],"about":[{"href":"https:\/\/taichipuebla.com\/en\/wp-json\/wp\/v2\/types\/page"}],"author":[{"embeddable":true,"href":"https:\/\/taichipuebla.com\/en\/wp-json\/wp\/v2\/users\/3"}],"replies":[{"embeddable":true,"href":"https:\/\/taichipuebla.com\/en\/wp-json\/wp\/v2\/comments?post=2216"}],"version-history":[{"count":2,"href":"https:\/\/taichipuebla.com\/en\/wp-json\/wp\/v2\/pages\/2216\/revisions"}],"predecessor-version":[{"id":2877,"href":"https:\/\/taichipuebla.com\/en\/wp-json\/wp\/v2\/pages\/2216\/revisions\/2877"}],"wp:attachment":[{"href":"https:\/\/taichipuebla.com\/en\/wp-json\/wp\/v2\/media?parent=2216"}],"curies":[{"name":"wp","href":"https:\/\/api.w.org\/{rel}","templated":true}]}}