{"id":1619,"date":"2024-05-21T18:07:26","date_gmt":"2024-05-21T18:07:26","guid":{"rendered":"https:\/\/taichipuebla.com\/?page_id=1619"},"modified":"2024-05-21T18:07:27","modified_gmt":"2024-05-21T18:07:27","slug":"espana","status":"publish","type":"page","link":"https:\/\/taichipuebla.com\/en\/clases-taichi-y-chikung-en-puebla-y-cholula\/espana\/","title":{"rendered":"Spain"},"content":{"rendered":"<div class=\"wp-block-columns is-layout-flex wp-container-core-columns-is-layout-9d6595d7 wp-block-columns-is-layout-flex\">\n<div class=\"wp-block-column is-layout-flow wp-block-column-is-layout-flow\" style=\"flex-basis:100%\"><style>.kb-posts-id-1619_f66e0c-03 .kb-post-list-item{display:grid;}<\/style><p>No posts<\/p><\/div>\n<\/div>","protected":false},"excerpt":{"rendered":"","protected":false},"author":3,"featured_media":0,"parent":325,"menu_order":3,"comment_status":"closed","ping_status":"closed","template":"","meta":{"_kadence_starter_templates_imported_post":false,"_kad_post_transparent":"","_kad_post_title":"","_kad_post_layout":"","_kad_post_sidebar_id":"","_kad_post_content_style":"","_kad_post_vertical_padding":"","_kad_post_feature":"","_kad_post_feature_position":"","_kad_post_header":false,"_kad_post_footer":false,"_kad_post_classname":"","footnotes":""},"class_list":["post-1619","page","type-page","status-publish","hentry"],"yoast_head":"<!-- This site is optimized with the Yoast SEO plugin v27.4 - https:\/\/yoast.com\/product\/yoast-seo-wordpress\/ -->\n<title>Espa\u00f1a - Taichi Puebla<\/title>\n<meta name=\"description\" content=\"Ap\u00fantate a nuestros talleres y cursos de verano en Espa\u00f1a\" \/>\n<meta name=\"robots\" content=\"index, follow, max-snippet:-1, max-image-preview:large, max-video-preview:-1\" \/>\n<link rel=\"canonical\" href=\"https:\/\/taichipuebla.com\/en\/clases-taichi-y-chikung-en-puebla-y-cholula\/espana\/\" \/>\n<meta property=\"og:locale\" content=\"en_US\" \/>\n<meta property=\"og:type\" content=\"article\" \/>\n<meta property=\"og:title\" content=\"Espa\u00f1a - Taichi Puebla\" \/>\n<meta property=\"og:description\" content=\"Ap\u00fantate a nuestros talleres y cursos de verano en Espa\u00f1a\" \/>\n<meta property=\"og:url\" content=\"https:\/\/taichipuebla.com\/en\/clases-taichi-y-chikung-en-puebla-y-cholula\/espana\/\" \/>\n<meta property=\"og:site_name\" content=\"Taichi Puebla\" \/>\n<meta property=\"article:modified_time\" content=\"2024-05-21T18:07:27+00:00\" \/>\n<meta name=\"twitter:card\" content=\"summary_large_image\" \/>\n<script type=\"application\/ld+json\" class=\"yoast-schema-graph\">{\"@context\":\"https:\\\/\\\/schema.org\",\"@graph\":[{\"@type\":\"WebPage\",\"@id\":\"https:\\\/\\\/taichipuebla.com\\\/clases-taichi-y-chikung-en-puebla-y-cholula\\\/espana\\\/\",\"url\":\"https:\\\/\\\/taichipuebla.com\\\/clases-taichi-y-chikung-en-puebla-y-cholula\\\/espana\\\/\",\"name\":\"Espa\u00f1a - Taichi Puebla\",\"isPartOf\":{\"@id\":\"https:\\\/\\\/taichipuebla.com\\\/#website\"},\"datePublished\":\"2024-05-21T18:07:26+00:00\",\"dateModified\":\"2024-05-21T18:07:27+00:00\",\"description\":\"Ap\u00fantate a nuestros talleres y cursos de verano en Espa\u00f1a\",\"breadcrumb\":{\"@id\":\"https:\\\/\\\/taichipuebla.com\\\/clases-taichi-y-chikung-en-puebla-y-cholula\\\/espana\\\/#breadcrumb\"},\"inLanguage\":\"en-US\",\"potentialAction\":[{\"@type\":\"ReadAction\",\"target\":[\"https:\\\/\\\/taichipuebla.com\\\/clases-taichi-y-chikung-en-puebla-y-cholula\\\/espana\\\/\"]}]},{\"@type\":\"BreadcrumbList\",\"@id\":\"https:\\\/\\\/taichipuebla.com\\\/clases-taichi-y-chikung-en-puebla-y-cholula\\\/espana\\\/#breadcrumb\",\"itemListElement\":[{\"@type\":\"ListItem\",\"position\":1,\"name\":\"Portada\",\"item\":\"https:\\\/\\\/taichipuebla.com\\\/\"},{\"@type\":\"ListItem\",\"position\":2,\"name\":\"Clases\",\"item\":\"https:\\\/\\\/taichipuebla.com\\\/clases-taichi-y-chikung-en-puebla-y-cholula\\\/\"},{\"@type\":\"ListItem\",\"position\":3,\"name\":\"Espa\u00f1a\"}]},{\"@type\":\"WebSite\",\"@id\":\"https:\\\/\\\/taichipuebla.com\\\/#website\",\"url\":\"https:\\\/\\\/taichipuebla.com\\\/\",\"name\":\"Taichi Puebla\",\"description\":\"Clases de Tai Chi y Chi Kung en Cholula, Puebla, M\u00e9xico\",\"potentialAction\":[{\"@type\":\"SearchAction\",\"target\":{\"@type\":\"EntryPoint\",\"urlTemplate\":\"https:\\\/\\\/taichipuebla.com\\\/?s={search_term_string}\"},\"query-input\":{\"@type\":\"PropertyValueSpecification\",\"valueRequired\":true,\"valueName\":\"search_term_string\"}}],\"inLanguage\":\"en-US\"}]}<\/script>\n<!-- \/ Yoast SEO plugin. -->","yoast_head_json":{"title":"Espa\u00f1a - Taichi Puebla","description":"Ap\u00fantate a nuestros talleres y cursos de verano en Espa\u00f1a","robots":{"index":"index","follow":"follow","max-snippet":"max-snippet:-1","max-image-preview":"max-image-preview:large","max-video-preview":"max-video-preview:-1"},"canonical":"https:\/\/taichipuebla.com\/en\/clases-taichi-y-chikung-en-puebla-y-cholula\/espana\/","og_locale":"en_US","og_type":"article","og_title":"Espa\u00f1a - Taichi Puebla","og_description":"Ap\u00fantate a nuestros talleres y cursos de verano en Espa\u00f1a","og_url":"https:\/\/taichipuebla.com\/en\/clases-taichi-y-chikung-en-puebla-y-cholula\/espana\/","og_site_name":"Taichi Puebla","article_modified_time":"2024-05-21T18:07:27+00:00","twitter_card":"summary_large_image","schema":{"@context":"https:\/\/schema.org","@graph":[{"@type":"WebPage","@id":"https:\/\/taichipuebla.com\/clases-taichi-y-chikung-en-puebla-y-cholula\/espana\/","url":"https:\/\/taichipuebla.com\/clases-taichi-y-chikung-en-puebla-y-cholula\/espana\/","name":"Espa\u00f1a - Taichi Puebla","isPartOf":{"@id":"https:\/\/taichipuebla.com\/#website"},"datePublished":"2024-05-21T18:07:26+00:00","dateModified":"2024-05-21T18:07:27+00:00","description":"Ap\u00fantate a nuestros talleres y cursos de verano en Espa\u00f1a","breadcrumb":{"@id":"https:\/\/taichipuebla.com\/clases-taichi-y-chikung-en-puebla-y-cholula\/espana\/#breadcrumb"},"inLanguage":"en-US","potentialAction":[{"@type":"ReadAction","target":["https:\/\/taichipuebla.com\/clases-taichi-y-chikung-en-puebla-y-cholula\/espana\/"]}]},{"@type":"BreadcrumbList","@id":"https:\/\/taichipuebla.com\/clases-taichi-y-chikung-en-puebla-y-cholula\/espana\/#breadcrumb","itemListElement":[{"@type":"ListItem","position":1,"name":"Portada","item":"https:\/\/taichipuebla.com\/"},{"@type":"ListItem","position":2,"name":"Clases","item":"https:\/\/taichipuebla.com\/clases-taichi-y-chikung-en-puebla-y-cholula\/"},{"@type":"ListItem","position":3,"name":"Espa\u00f1a"}]},{"@type":"WebSite","@id":"https:\/\/taichipuebla.com\/#website","url":"https:\/\/taichipuebla.com\/","name":"Taichi Puebla","description":"Clases de Tai Chi y Chi Kung en Cholula, Puebla, M\u00e9xico","potentialAction":[{"@type":"SearchAction","target":{"@type":"EntryPoint","urlTemplate":"https:\/\/taichipuebla.com\/?s={search_term_string}"},"query-input":{"@type":"PropertyValueSpecification","valueRequired":true,"valueName":"search_term_string"}}],"inLanguage":"en-US"}]}},"_links":{"self":[{"href":"https:\/\/taichipuebla.com\/en\/wp-json\/wp\/v2\/pages\/1619","targetHints":{"allow":["GET"]}}],"collection":[{"href":"https:\/\/taichipuebla.com\/en\/wp-json\/wp\/v2\/pages"}],"about":[{"href":"https:\/\/taichipuebla.com\/en\/wp-json\/wp\/v2\/types\/page"}],"author":[{"embeddable":true,"href":"https:\/\/taichipuebla.com\/en\/wp-json\/wp\/v2\/users\/3"}],"replies":[{"embeddable":true,"href":"https:\/\/taichipuebla.com\/en\/wp-json\/wp\/v2\/comments?post=1619"}],"version-history":[{"count":1,"href":"https:\/\/taichipuebla.com\/en\/wp-json\/wp\/v2\/pages\/1619\/revisions"}],"predecessor-version":[{"id":1622,"href":"https:\/\/taichipuebla.com\/en\/wp-json\/wp\/v2\/pages\/1619\/revisions\/1622"}],"up":[{"embeddable":true,"href":"https:\/\/taichipuebla.com\/en\/wp-json\/wp\/v2\/pages\/325"}],"wp:attachment":[{"href":"https:\/\/taichipuebla.com\/en\/wp-json\/wp\/v2\/media?parent=1619"}],"curies":[{"name":"wp","href":"https:\/\/api.w.org\/{rel}","templated":true}]}}